{"id":8264,"date":"2023-12-27T08:43:45","date_gmt":"2023-12-27T08:43:45","guid":{"rendered":"https:\/\/new.snorkeling-report.com\/?page_id=8264"},"modified":"2026-03-05T08:18:13","modified_gmt":"2026-03-05T08:18:13","slug":"contact","status":"publish","type":"page","link":"https:\/\/planet-snorkeling.com\/fr\/contact\/","title":{"rendered":"Contactez-nous"},"content":{"rendered":"\t\t<div data-elementor-type=\"wp-page\" data-elementor-id=\"8264\" class=\"elementor elementor-8264 elementor-4577\">\n\t\t\t\t<div class=\"elementor-element elementor-element-d34604c e-flex e-con-boxed e-con e-parent\" data-id=\"d34604c\" data-element_type=\"container\" data-settings=\"{&quot;background_background&quot;:&quot;classic&quot;}\">\n\t\t\t\t\t<div class=\"e-con-inner\">\n\t\t\t\t<div class=\"elementor-element elementor-element-8295407 elementor-widget elementor-widget-heading\" data-id=\"8295407\" data-element_type=\"widget\" data-widget_type=\"heading.default\">\n\t\t\t\t\t<h1 class=\"elementor-heading-title elementor-size-default\">Nous Contacter<\/h1>\t\t\t\t<\/div>\n\t\t\t\t\t<\/div>\n\t\t\t\t<\/div>\n\t\t<div class=\"elementor-element elementor-element-43f6d0f e-flex e-con-boxed e-con e-parent\" data-id=\"43f6d0f\" data-element_type=\"container\">\n\t\t\t\t\t<div class=\"e-con-inner\">\n\t\t<div class=\"elementor-element elementor-element-5024875 e-con-full e-flex e-con e-child\" data-id=\"5024875\" data-element_type=\"container\" data-settings=\"{&quot;background_background&quot;:&quot;classic&quot;}\">\n\t\t\t\t<div class=\"elementor-element elementor-element-a078b54 elementor-widget elementor-widget-heading\" data-id=\"a078b54\" data-element_type=\"widget\" data-widget_type=\"heading.default\">\n\t\t\t\t\t<h2 class=\"elementor-heading-title elementor-size-default\">Discutez avec notre \u00e9quipe<\/h2>\t\t\t\t<\/div>\n\t\t\t\t<div class=\"elementor-element elementor-element-4671947 elementor-widget elementor-widget-heading\" data-id=\"4671947\" data-element_type=\"widget\" data-widget_type=\"heading.default\">\n\t\t\t\t\t<p class=\"elementor-heading-title elementor-size-default\">Nous sommes toujours tr\u00e8s heureux de r\u00e9pondre \u00e0 vos questions sur nos destinations et nos voyages!<\/p>\t\t\t\t<\/div>\n\t\t\t\t<div class=\"elementor-element elementor-element-365309f elementor-widget elementor-widget-meafe-cf7\" data-id=\"365309f\" data-element_type=\"widget\" data-widget_type=\"meafe-cf7.default\">\n\t\t\t\t<div class=\"elementor-widget-container\">\n\t\t\t\t\t\n<div class=\"wpcf7 no-js\" id=\"wpcf7-f9313-o1\" lang=\"fr-FR\" dir=\"ltr\" data-wpcf7-id=\"9313\">\n<div class=\"screen-reader-response\"><p role=\"status\" aria-live=\"polite\" aria-atomic=\"true\"><\/p> <ul><\/ul><\/div>\n<form action=\"\/fr\/wp-json\/wp\/v2\/pages\/8264#wpcf7-f9313-o1\" method=\"post\" class=\"wpcf7-form init meafe-cf7-form\" aria-label=\"Formulaire de contact\" novalidate=\"novalidate\" data-status=\"init\">\n<fieldset class=\"hidden-fields-container\"><input type=\"hidden\" name=\"_wpcf7\" value=\"9313\" \/><input type=\"hidden\" name=\"_wpcf7_version\" value=\"6.1.5\" \/><input type=\"hidden\" name=\"_wpcf7_locale\" value=\"fr_FR\" \/><input type=\"hidden\" name=\"_wpcf7_unit_tag\" value=\"wpcf7-f9313-o1\" \/><input type=\"hidden\" name=\"_wpcf7_container_post\" value=\"0\" \/><input type=\"hidden\" name=\"_wpcf7_posted_data_hash\" value=\"\" \/>\n<\/fieldset>\n<div class=\"wpcf7-turnstile cf-turnstile\" data-sitekey=\"0x4AAAAAACm0dnui2vJhmSih\" data-response-field-name=\"_wpcf7_turnstile_response\"><\/div>\n\n<p><span class=\"wpcf7-form-control-wrap\" data-name=\"your-name\"><input size=\"40\" maxlength=\"400\" class=\"wpcf7-form-control wpcf7-text wpcf7-validates-as-required\" aria-required=\"true\" aria-invalid=\"false\" placeholder=\"Nom et pr\u00e9nom\" value=\"\" type=\"text\" name=\"your-name\" \/><\/span><br \/>\n<span class=\"wpcf7-form-control-wrap\" data-name=\"your-email\"><input size=\"40\" maxlength=\"400\" class=\"wpcf7-form-control wpcf7-email wpcf7-validates-as-required wpcf7-text wpcf7-validates-as-email\" aria-required=\"true\" aria-invalid=\"false\" placeholder=\"Email\" value=\"\" type=\"email\" name=\"your-email\" \/><\/span><br \/>\n<span class=\"wpcf7-form-control-wrap\" data-name=\"telephone\"><input size=\"40\" maxlength=\"400\" class=\"wpcf7-form-control wpcf7-tel wpcf7-text wpcf7-validates-as-tel\" aria-invalid=\"false\" placeholder=\"T\u00e9l\u00e9phone (facultatif)\" value=\"\" type=\"tel\" name=\"telephone\" \/><\/span><br \/>\n<span class=\"wpcf7-form-control-wrap\" data-name=\"textarea-822\"><textarea cols=\"40\" rows=\"4\" maxlength=\"2000\" class=\"wpcf7-form-control wpcf7-textarea\" aria-invalid=\"false\" placeholder=\"Je suis int\u00e9ress\u00e9 par\" name=\"textarea-822\"><\/textarea><\/span>\n<\/p>\n<p><input class=\"wpcf7-form-control wpcf7-submit has-spinner\" type=\"submit\" value=\"Envoyer\" \/>\n<\/p><input type='hidden' class='wpcf7-pum' value='{\"closepopup\":false,\"closedelay\":0,\"openpopup\":false,\"openpopup_id\":0}' \/><div class=\"wpcf7-response-output\" aria-hidden=\"true\"><\/div>\n<\/form>\n<\/div>\n\t\t\t\t<\/div>\n\t\t\t\t<\/div>\n\t\t\t\t<\/div>\n\t\t<div class=\"elementor-element elementor-element-7f50e6d e-con-full e-flex e-con e-child\" data-id=\"7f50e6d\" data-element_type=\"container\" data-settings=\"{&quot;background_background&quot;:&quot;classic&quot;}\">\n\t\t\t\t<div class=\"elementor-element elementor-element-a6cc5a3 elementor-widget elementor-widget-heading\" data-id=\"a6cc5a3\" data-element_type=\"widget\" data-widget_type=\"heading.default\">\n\t\t\t\t\t<h2 class=\"elementor-heading-title elementor-size-default\">Restons en contact!<\/h2>\t\t\t\t<\/div>\n\t\t\t\t<div class=\"elementor-element elementor-element-aa0f366 elementor-widget elementor-widget-heading\" data-id=\"aa0f366\" data-element_type=\"widget\" data-widget_type=\"heading.default\">\n\t\t\t\t\t<p class=\"elementor-heading-title elementor-size-default\">Envoyez-nous un email, ajoutez-nous sur WhatsApp pour \u00e9changer par messages, ou suivez-nous sur nos r\u00e9seaux sociaux:<\/p>\t\t\t\t<\/div>\n\t\t<div class=\"elementor-element elementor-element-5972b36 e-flex e-con-boxed e-con e-child\" data-id=\"5972b36\" data-element_type=\"container\">\n\t\t\t\t\t<div class=\"e-con-inner\">\n\t\t\t\t<div class=\"elementor-element elementor-element-101b67b elementor-shape-rounded elementor-grid-0 e-grid-align-center elementor-widget elementor-widget-social-icons\" data-id=\"101b67b\" data-element_type=\"widget\" data-widget_type=\"social-icons.default\">\n\t\t\t\t\t\t\t<div class=\"elementor-social-icons-wrapper elementor-grid\" role=\"list\">\n\t\t\t\t\t\t\t<span class=\"elementor-grid-item\" role=\"listitem\">\n\t\t\t\t\t<a class=\"elementor-icon elementor-social-icon elementor-social-icon-envelope elementor-repeater-item-b4611b5\" href=\"mailto:expeditions@planet-snorkeling.com\" target=\"_blank\">\n\t\t\t\t\t\t<span class=\"elementor-screen-only\">Envelope<\/span>\n\t\t\t\t\t\t<svg aria-hidden=\"true\" class=\"e-font-icon-svg e-fas-envelope\" viewBox=\"0 0 512 512\" xmlns=\"http:\/\/www.w3.org\/2000\/svg\"><path d=\"M502.3 190.8c3.9-3.1 9.7-.2 9.7 4.7V400c0 26.5-21.5 48-48 48H48c-26.5 0-48-21.5-48-48V195.6c0-5 5.7-7.8 9.7-4.7 22.4 17.4 52.1 39.5 154.1 113.6 21.1 15.4 56.7 47.8 92.2 47.6 35.7.3 72-32.8 92.3-47.6 102-74.1 131.6-96.3 154-113.7zM256 320c23.2.4 56.6-29.2 73.4-41.4 132.7-96.3 142.8-104.7 173.4-128.7 5.8-4.5 9.2-11.5 9.2-18.9v-19c0-26.5-21.5-48-48-48H48C21.5 64 0 85.5 0 112v19c0 7.4 3.4 14.3 9.2 18.9 30.6 23.9 40.7 32.4 173.4 128.7 16.8 12.2 50.2 41.8 73.4 41.4z\"><\/path><\/svg>\t\t\t\t\t<\/a>\n\t\t\t\t<\/span>\n\t\t\t\t\t\t\t<span class=\"elementor-grid-item\" role=\"listitem\">\n\t\t\t\t\t<a class=\"elementor-icon elementor-social-icon elementor-social-icon-whatsapp elementor-repeater-item-56164f1\" href=\"https:\/\/wa.me\/18632501230\" target=\"_blank\">\n\t\t\t\t\t\t<span class=\"elementor-screen-only\">Whatsapp<\/span>\n\t\t\t\t\t\t<svg aria-hidden=\"true\" class=\"e-font-icon-svg e-fab-whatsapp\" viewBox=\"0 0 448 512\" xmlns=\"http:\/\/www.w3.org\/2000\/svg\"><path d=\"M380.9 97.1C339 55.1 283.2 32 223.9 32c-122.4 0-222 99.6-222 222 0 39.1 10.2 77.3 29.6 111L0 480l117.7-30.9c32.4 17.7 68.9 27 106.1 27h.1c122.3 0 224.1-99.6 224.1-222 0-59.3-25.2-115-67.1-157zm-157 341.6c-33.2 0-65.7-8.9-94-25.7l-6.7-4-69.8 18.3L72 359.2l-4.4-7c-18.5-29.4-28.2-63.3-28.2-98.2 0-101.7 82.8-184.5 184.6-184.5 49.3 0 95.6 19.2 130.4 54.1 34.8 34.9 56.2 81.2 56.1 130.5 0 101.8-84.9 184.6-186.6 184.6zm101.2-138.2c-5.5-2.8-32.8-16.2-37.9-18-5.1-1.9-8.8-2.8-12.5 2.8-3.7 5.6-14.3 18-17.6 21.8-3.2 3.7-6.5 4.2-12 1.4-32.6-16.3-54-29.1-75.5-66-5.7-9.8 5.7-9.1 16.3-30.3 1.8-3.7.9-6.9-.5-9.7-1.4-2.8-12.5-30.1-17.1-41.2-4.5-10.8-9.1-9.3-12.5-9.5-3.2-.2-6.9-.2-10.6-.2-3.7 0-9.7 1.4-14.8 6.9-5.1 5.6-19.4 19-19.4 46.3 0 27.3 19.9 53.7 22.6 57.4 2.8 3.7 39.1 59.7 94.8 83.8 35.2 15.2 49 16.5 66.6 13.9 10.7-1.6 32.8-13.4 37.4-26.4 4.6-13 4.6-24.1 3.2-26.4-1.3-2.5-5-3.9-10.5-6.6z\"><\/path><\/svg>\t\t\t\t\t<\/a>\n\t\t\t\t<\/span>\n\t\t\t\t\t\t\t<span class=\"elementor-grid-item\" role=\"listitem\">\n\t\t\t\t\t<a class=\"elementor-icon elementor-social-icon elementor-social-icon-facebook elementor-repeater-item-aeef478\" href=\"https:\/\/www.facebook.com\/planetsnorkelingexpeditions\" target=\"_blank\">\n\t\t\t\t\t\t<span class=\"elementor-screen-only\">Facebook<\/span>\n\t\t\t\t\t\t<svg aria-hidden=\"true\" class=\"e-font-icon-svg e-fab-facebook\" viewBox=\"0 0 512 512\" xmlns=\"http:\/\/www.w3.org\/2000\/svg\"><path d=\"M504 256C504 119 393 8 256 8S8 119 8 256c0 123.78 90.69 226.38 209.25 245V327.69h-63V256h63v-54.64c0-62.15 37-96.48 93.67-96.48 27.14 0 55.52 4.84 55.52 4.84v61h-31.28c-30.8 0-40.41 19.12-40.41 38.73V256h68.78l-11 71.69h-57.78V501C413.31 482.38 504 379.78 504 256z\"><\/path><\/svg>\t\t\t\t\t<\/a>\n\t\t\t\t<\/span>\n\t\t\t\t\t\t\t<span class=\"elementor-grid-item\" role=\"listitem\">\n\t\t\t\t\t<a class=\"elementor-icon elementor-social-icon elementor-social-icon-instagram elementor-repeater-item-6d9770d\" href=\"https:\/\/www.instagram.com\/planetsnorkeling\" target=\"_blank\">\n\t\t\t\t\t\t<span class=\"elementor-screen-only\">Instagram<\/span>\n\t\t\t\t\t\t<svg aria-hidden=\"true\" class=\"e-font-icon-svg e-fab-instagram\" viewBox=\"0 0 448 512\" xmlns=\"http:\/\/www.w3.org\/2000\/svg\"><path d=\"M224.1 141c-63.6 0-114.9 51.3-114.9 114.9s51.3 114.9 114.9 114.9S339 319.5 339 255.9 287.7 141 224.1 141zm0 189.6c-41.1 0-74.7-33.5-74.7-74.7s33.5-74.7 74.7-74.7 74.7 33.5 74.7 74.7-33.6 74.7-74.7 74.7zm146.4-194.3c0 14.9-12 26.8-26.8 26.8-14.9 0-26.8-12-26.8-26.8s12-26.8 26.8-26.8 26.8 12 26.8 26.8zm76.1 27.2c-1.7-35.9-9.9-67.7-36.2-93.9-26.2-26.2-58-34.4-93.9-36.2-37-2.1-147.9-2.1-184.9 0-35.8 1.7-67.6 9.9-93.9 36.1s-34.4 58-36.2 93.9c-2.1 37-2.1 147.9 0 184.9 1.7 35.9 9.9 67.7 36.2 93.9s58 34.4 93.9 36.2c37 2.1 147.9 2.1 184.9 0 35.9-1.7 67.7-9.9 93.9-36.2 26.2-26.2 34.4-58 36.2-93.9 2.1-37 2.1-147.8 0-184.8zM398.8 388c-7.8 19.6-22.9 34.7-42.6 42.6-29.5 11.7-99.5 9-132.1 9s-102.7 2.6-132.1-9c-19.6-7.8-34.7-22.9-42.6-42.6-11.7-29.5-9-99.5-9-132.1s-2.6-102.7 9-132.1c7.8-19.6 22.9-34.7 42.6-42.6 29.5-11.7 99.5-9 132.1-9s102.7-2.6 132.1 9c19.6 7.8 34.7 22.9 42.6 42.6 11.7 29.5 9 99.5 9 132.1s2.7 102.7-9 132.1z\"><\/path><\/svg>\t\t\t\t\t<\/a>\n\t\t\t\t<\/span>\n\t\t\t\t\t<\/div>\n\t\t\t\t\t\t<\/div>\n\t\t\t\t\t<\/div>\n\t\t\t\t<\/div>\n\t\t\t\t<div class=\"elementor-element elementor-element-c31c7e9 elementor-widget elementor-widget-image\" data-id=\"c31c7e9\" data-element_type=\"widget\" data-widget_type=\"image.default\">\n\t\t\t\t\t\t\t\t\t\t\t\t\t\t\t<img fetchpriority=\"high\" decoding=\"async\" width=\"800\" height=\"600\" src=\"https:\/\/planet-snorkeling.com\/wp-content\/uploads\/2025\/12\/slides-snorkeling-3.jpeg\" class=\"attachment-full size-full wp-image-6548\" alt=\"\" srcset=\"https:\/\/planet-snorkeling.com\/wp-content\/uploads\/2025\/12\/slides-snorkeling-3.jpeg 800w, https:\/\/planet-snorkeling.com\/wp-content\/uploads\/2025\/12\/slides-snorkeling-3-300x225.jpeg 300w, https:\/\/planet-snorkeling.com\/wp-content\/uploads\/2025\/12\/slides-snorkeling-3-768x576.jpeg 768w\" sizes=\"(max-width: 800px) 100vw, 800px\" \/>\t\t\t\t\t\t\t\t\t\t\t\t\t\t\t<\/div>\n\t\t\t\t<\/div>\n\t\t\t\t\t<\/div>\n\t\t\t\t<\/div>\n\t\t<div class=\"elementor-element elementor-element-7127f9f4 e-flex e-con-boxed e-con e-parent\" data-id=\"7127f9f4\" data-element_type=\"container\" data-settings=\"{&quot;background_background&quot;:&quot;classic&quot;}\">\n\t\t\t\t\t<div class=\"e-con-inner\">\n\t\t\t\t<div class=\"elementor-element elementor-element-24e3d8eb elementor-widget elementor-widget-heading\" data-id=\"24e3d8eb\" data-element_type=\"widget\" data-settings=\"{&quot;_animation&quot;:&quot;none&quot;}\" data-widget_type=\"heading.default\">\n\t\t\t\t\t<h3 class=\"elementor-heading-title elementor-size-default\">Votre prochaine aventure commence ici!<\/h3>\t\t\t\t<\/div>\n\t\t\t\t<div class=\"elementor-element elementor-element-5bcf9582 elementor-widget elementor-widget-heading\" data-id=\"5bcf9582\" data-element_type=\"widget\" data-settings=\"{&quot;_animation&quot;:&quot;none&quot;}\" data-widget_type=\"heading.default\">\n\t\t\t\t\t<p class=\"elementor-heading-title elementor-size-default\">Participez \u00e0 nos exp\u00e9ditions guid\u00e9es dans les plus belles destinations snorkeling du monde.\n<\/p>\t\t\t\t<\/div>\n\t\t\t\t<div class=\"elementor-element elementor-element-7a7471de elementor-mobile-align-justify elementor-widget-mobile__width-inherit elementor-widget elementor-widget-button\" data-id=\"7a7471de\" data-element_type=\"widget\" data-widget_type=\"button.default\">\n\t\t\t\t\t\t\t\t\t\t<a class=\"elementor-button elementor-button-link elementor-size-sm\" href=\"\/fr\/aventures-snorkeling-en-petit-groupe\/\">\n\t\t\t\t\t\t<span class=\"elementor-button-content-wrapper\">\n\t\t\t\t\t\t\t\t\t<span class=\"elementor-button-text\">Voir Tous Les Voyages<\/span>\n\t\t\t\t\t<\/span>\n\t\t\t\t\t<\/a>\n\t\t\t\t\t\t\t\t<\/div>\n\t\t\t\t\t<\/div>\n\t\t\t\t<\/div>\n\t\t\t\t<\/div>\n\t\t","protected":false},"excerpt":{"rendered":"<p>Nous Contacter Discutez avec notre \u00e9quipe Nous sommes toujours tr\u00e8s heureux de r\u00e9pondre \u00e0 vos questions sur nos destinations et nos voyages! Restons en contact! Envoyez-nous un email, ajoutez-nous sur WhatsApp pour \u00e9changer par messages, ou suivez-nous sur nos r\u00e9seaux sociaux: Envelope Whatsapp Facebook Instagram Votre prochaine aventure commence ici! Participez \u00e0 nos exp\u00e9ditions guid\u00e9es [&hellip;]<\/p>\n<div class=\"read-more\"><a href=\"https:\/\/planet-snorkeling.com\/fr\/contact\/\" class=\"read-more-link\">Read More&#8230;<\/a><\/div>\n","protected":false},"author":2,"featured_media":0,"parent":0,"menu_order":0,"comment_status":"closed","ping_status":"closed","template":"elementor_header_footer","meta":{"footnotes":""},"class_list":["post-8264","page","type-page","status-publish","hentry","latest_post travelscape-pro-post"],"yoast_head":"<!-- This site is optimized with the Yoast SEO plugin v26.9 - https:\/\/yoast.com\/product\/yoast-seo-wordpress\/ -->\n<title>Contactez-nous - Planet Snorkeling Expeditions<\/title>\n<meta name=\"robots\" content=\"index, follow, max-snippet:-1, max-image-preview:large, max-video-preview:-1\" \/>\n<link rel=\"canonical\" href=\"https:\/\/planet-snorkeling.com\/fr\/contact\/\" \/>\n<meta property=\"og:locale\" content=\"fr_FR\" \/>\n<meta property=\"og:type\" content=\"article\" \/>\n<meta property=\"og:title\" content=\"Contactez-nous - Planet Snorkeling Expeditions\" \/>\n<meta property=\"og:description\" content=\"Nous Contacter Discutez avec notre \u00e9quipe Nous sommes toujours tr\u00e8s heureux de r\u00e9pondre \u00e0 vos questions sur nos destinations et nos voyages! Restons en contact! Envoyez-nous un email, ajoutez-nous sur WhatsApp pour \u00e9changer par messages, ou suivez-nous sur nos r\u00e9seaux sociaux: Envelope Whatsapp Facebook Instagram Votre prochaine aventure commence ici! Participez \u00e0 nos exp\u00e9ditions guid\u00e9es [&hellip;]Read More...\" \/>\n<meta property=\"og:url\" content=\"https:\/\/planet-snorkeling.com\/fr\/contact\/\" \/>\n<meta property=\"og:site_name\" content=\"Planet Snorkeling Expeditions\" \/>\n<meta property=\"article:publisher\" content=\"https:\/\/www.facebook.com\/planetsnorkelingexpeditions\" \/>\n<meta property=\"article:modified_time\" content=\"2026-03-05T08:18:13+00:00\" \/>\n<meta property=\"og:image\" content=\"https:\/\/planet-snorkeling.com\/wp-content\/uploads\/2025\/12\/slides-snorkeling-3.jpeg\" \/>\n\t<meta property=\"og:image:width\" content=\"800\" \/>\n\t<meta property=\"og:image:height\" content=\"600\" \/>\n\t<meta property=\"og:image:type\" content=\"image\/jpeg\" \/>\n<meta name=\"twitter:card\" content=\"summary_large_image\" \/>\n<script type=\"application\/ld+json\" class=\"yoast-schema-graph\">{\"@context\":\"https:\/\/schema.org\",\"@graph\":[{\"@type\":\"WebPage\",\"@id\":\"https:\/\/planet-snorkeling.com\/fr\/contact\/\",\"url\":\"https:\/\/planet-snorkeling.com\/fr\/contact\/\",\"name\":\"Contactez-nous - Planet Snorkeling Expeditions\",\"isPartOf\":{\"@id\":\"https:\/\/planet-snorkeling.com\/fr\/#website\"},\"primaryImageOfPage\":{\"@id\":\"https:\/\/planet-snorkeling.com\/fr\/contact\/#primaryimage\"},\"image\":{\"@id\":\"https:\/\/planet-snorkeling.com\/fr\/contact\/#primaryimage\"},\"thumbnailUrl\":\"https:\/\/planet-snorkeling.com\/wp-content\/uploads\/2025\/12\/slides-snorkeling-3.jpeg\",\"datePublished\":\"2023-12-27T08:43:45+00:00\",\"dateModified\":\"2026-03-05T08:18:13+00:00\",\"breadcrumb\":{\"@id\":\"https:\/\/planet-snorkeling.com\/fr\/contact\/#breadcrumb\"},\"inLanguage\":\"fr-FR\",\"potentialAction\":[{\"@type\":\"ReadAction\",\"target\":[\"https:\/\/planet-snorkeling.com\/fr\/contact\/\"]}]},{\"@type\":\"ImageObject\",\"inLanguage\":\"fr-FR\",\"@id\":\"https:\/\/planet-snorkeling.com\/fr\/contact\/#primaryimage\",\"url\":\"https:\/\/planet-snorkeling.com\/wp-content\/uploads\/2025\/12\/slides-snorkeling-3.jpeg\",\"contentUrl\":\"https:\/\/planet-snorkeling.com\/wp-content\/uploads\/2025\/12\/slides-snorkeling-3.jpeg\"},{\"@type\":\"BreadcrumbList\",\"@id\":\"https:\/\/planet-snorkeling.com\/fr\/contact\/#breadcrumb\",\"itemListElement\":[{\"@type\":\"ListItem\",\"position\":1,\"name\":\"Home\",\"item\":\"https:\/\/planet-snorkeling.com\/fr\/\"},{\"@type\":\"ListItem\",\"position\":2,\"name\":\"Contactez-nous\"}]},{\"@type\":\"WebSite\",\"@id\":\"https:\/\/planet-snorkeling.com\/fr\/#website\",\"url\":\"https:\/\/planet-snorkeling.com\/fr\/\",\"name\":\"Planet Snorkeling Expeditions\",\"description\":\"\",\"publisher\":{\"@id\":\"https:\/\/planet-snorkeling.com\/fr\/#organization\"},\"potentialAction\":[{\"@type\":\"SearchAction\",\"target\":{\"@type\":\"EntryPoint\",\"urlTemplate\":\"https:\/\/planet-snorkeling.com\/fr\/?s={search_term_string}\"},\"query-input\":{\"@type\":\"PropertyValueSpecification\",\"valueRequired\":true,\"valueName\":\"search_term_string\"}}],\"inLanguage\":\"fr-FR\"},{\"@type\":\"Organization\",\"@id\":\"https:\/\/planet-snorkeling.com\/fr\/#organization\",\"name\":\"Planet Snorkeling Expeditions\",\"url\":\"https:\/\/planet-snorkeling.com\/fr\/\",\"logo\":{\"@type\":\"ImageObject\",\"inLanguage\":\"fr-FR\",\"@id\":\"https:\/\/planet-snorkeling.com\/fr\/#\/schema\/logo\/image\/\",\"url\":\"https:\/\/planet-snorkeling.com\/wp-content\/uploads\/2025\/11\/logo-color.png\",\"contentUrl\":\"https:\/\/planet-snorkeling.com\/wp-content\/uploads\/2025\/11\/logo-color.png\",\"width\":620,\"height\":188,\"caption\":\"Planet Snorkeling Expeditions\"},\"image\":{\"@id\":\"https:\/\/planet-snorkeling.com\/fr\/#\/schema\/logo\/image\/\"},\"sameAs\":[\"https:\/\/www.facebook.com\/planetsnorkelingexpeditions\"]}]}<\/script>\n<!-- \/ Yoast SEO plugin. -->","yoast_head_json":{"title":"Contactez-nous - Planet Snorkeling Expeditions","robots":{"index":"index","follow":"follow","max-snippet":"max-snippet:-1","max-image-preview":"max-image-preview:large","max-video-preview":"max-video-preview:-1"},"canonical":"https:\/\/planet-snorkeling.com\/fr\/contact\/","og_locale":"fr_FR","og_type":"article","og_title":"Contactez-nous - Planet Snorkeling Expeditions","og_description":"Nous Contacter Discutez avec notre \u00e9quipe Nous sommes toujours tr\u00e8s heureux de r\u00e9pondre \u00e0 vos questions sur nos destinations et nos voyages! Restons en contact! Envoyez-nous un email, ajoutez-nous sur WhatsApp pour \u00e9changer par messages, ou suivez-nous sur nos r\u00e9seaux sociaux: Envelope Whatsapp Facebook Instagram Votre prochaine aventure commence ici! Participez \u00e0 nos exp\u00e9ditions guid\u00e9es [&hellip;]Read More...","og_url":"https:\/\/planet-snorkeling.com\/fr\/contact\/","og_site_name":"Planet Snorkeling Expeditions","article_publisher":"https:\/\/www.facebook.com\/planetsnorkelingexpeditions","article_modified_time":"2026-03-05T08:18:13+00:00","og_image":[{"width":800,"height":600,"url":"https:\/\/planet-snorkeling.com\/wp-content\/uploads\/2025\/12\/slides-snorkeling-3.jpeg","type":"image\/jpeg"}],"twitter_card":"summary_large_image","schema":{"@context":"https:\/\/schema.org","@graph":[{"@type":"WebPage","@id":"https:\/\/planet-snorkeling.com\/fr\/contact\/","url":"https:\/\/planet-snorkeling.com\/fr\/contact\/","name":"Contactez-nous - Planet Snorkeling Expeditions","isPartOf":{"@id":"https:\/\/planet-snorkeling.com\/fr\/#website"},"primaryImageOfPage":{"@id":"https:\/\/planet-snorkeling.com\/fr\/contact\/#primaryimage"},"image":{"@id":"https:\/\/planet-snorkeling.com\/fr\/contact\/#primaryimage"},"thumbnailUrl":"https:\/\/planet-snorkeling.com\/wp-content\/uploads\/2025\/12\/slides-snorkeling-3.jpeg","datePublished":"2023-12-27T08:43:45+00:00","dateModified":"2026-03-05T08:18:13+00:00","breadcrumb":{"@id":"https:\/\/planet-snorkeling.com\/fr\/contact\/#breadcrumb"},"inLanguage":"fr-FR","potentialAction":[{"@type":"ReadAction","target":["https:\/\/planet-snorkeling.com\/fr\/contact\/"]}]},{"@type":"ImageObject","inLanguage":"fr-FR","@id":"https:\/\/planet-snorkeling.com\/fr\/contact\/#primaryimage","url":"https:\/\/planet-snorkeling.com\/wp-content\/uploads\/2025\/12\/slides-snorkeling-3.jpeg","contentUrl":"https:\/\/planet-snorkeling.com\/wp-content\/uploads\/2025\/12\/slides-snorkeling-3.jpeg"},{"@type":"BreadcrumbList","@id":"https:\/\/planet-snorkeling.com\/fr\/contact\/#breadcrumb","itemListElement":[{"@type":"ListItem","position":1,"name":"Home","item":"https:\/\/planet-snorkeling.com\/fr\/"},{"@type":"ListItem","position":2,"name":"Contactez-nous"}]},{"@type":"WebSite","@id":"https:\/\/planet-snorkeling.com\/fr\/#website","url":"https:\/\/planet-snorkeling.com\/fr\/","name":"Planet Snorkeling Expeditions","description":"","publisher":{"@id":"https:\/\/planet-snorkeling.com\/fr\/#organization"},"potentialAction":[{"@type":"SearchAction","target":{"@type":"EntryPoint","urlTemplate":"https:\/\/planet-snorkeling.com\/fr\/?s={search_term_string}"},"query-input":{"@type":"PropertyValueSpecification","valueRequired":true,"valueName":"search_term_string"}}],"inLanguage":"fr-FR"},{"@type":"Organization","@id":"https:\/\/planet-snorkeling.com\/fr\/#organization","name":"Planet Snorkeling Expeditions","url":"https:\/\/planet-snorkeling.com\/fr\/","logo":{"@type":"ImageObject","inLanguage":"fr-FR","@id":"https:\/\/planet-snorkeling.com\/fr\/#\/schema\/logo\/image\/","url":"https:\/\/planet-snorkeling.com\/wp-content\/uploads\/2025\/11\/logo-color.png","contentUrl":"https:\/\/planet-snorkeling.com\/wp-content\/uploads\/2025\/11\/logo-color.png","width":620,"height":188,"caption":"Planet Snorkeling Expeditions"},"image":{"@id":"https:\/\/planet-snorkeling.com\/fr\/#\/schema\/logo\/image\/"},"sameAs":["https:\/\/www.facebook.com\/planetsnorkelingexpeditions"]}]}},"_links":{"self":[{"href":"https:\/\/planet-snorkeling.com\/fr\/wp-json\/wp\/v2\/pages\/8264","targetHints":{"allow":["GET"]}}],"collection":[{"href":"https:\/\/planet-snorkeling.com\/fr\/wp-json\/wp\/v2\/pages"}],"about":[{"href":"https:\/\/planet-snorkeling.com\/fr\/wp-json\/wp\/v2\/types\/page"}],"author":[{"embeddable":true,"href":"https:\/\/planet-snorkeling.com\/fr\/wp-json\/wp\/v2\/users\/2"}],"replies":[{"embeddable":true,"href":"https:\/\/planet-snorkeling.com\/fr\/wp-json\/wp\/v2\/comments?post=8264"}],"version-history":[{"count":27,"href":"https:\/\/planet-snorkeling.com\/fr\/wp-json\/wp\/v2\/pages\/8264\/revisions"}],"predecessor-version":[{"id":9526,"href":"https:\/\/planet-snorkeling.com\/fr\/wp-json\/wp\/v2\/pages\/8264\/revisions\/9526"}],"wp:attachment":[{"href":"https:\/\/planet-snorkeling.com\/fr\/wp-json\/wp\/v2\/media?parent=8264"}],"curies":[{"name":"wp","href":"https:\/\/api.w.org\/{rel}","templated":true}]}}