{"id":8273,"date":"2025-12-02T09:32:57","date_gmt":"2025-12-02T09:32:57","guid":{"rendered":"https:\/\/new.snorkeling-report.com\/?page_id=8273"},"modified":"2026-02-28T11:50:45","modified_gmt":"2026-02-28T11:50:45","slug":"mentions-legales","status":"publish","type":"page","link":"https:\/\/planet-snorkeling.com\/fr\/mentions-legales\/","title":{"rendered":"Mentions L\u00e9gales"},"content":{"rendered":"\t\t<div data-elementor-type=\"wp-page\" data-elementor-id=\"8273\" class=\"elementor elementor-8273 elementor-5922\">\n\t\t\t\t<div class=\"elementor-element elementor-element-2e82b0f1 e-flex e-con-boxed e-con e-parent\" data-id=\"2e82b0f1\" data-element_type=\"container\" data-settings=\"{&quot;background_background&quot;:&quot;classic&quot;}\">\n\t\t\t\t\t<div class=\"e-con-inner\">\n\t\t\t\t<div class=\"elementor-element elementor-element-388c60b4 elementor-widget elementor-widget-heading\" data-id=\"388c60b4\" data-element_type=\"widget\" data-widget_type=\"heading.default\">\n\t\t\t\t\t<h1 class=\"elementor-heading-title elementor-size-default\">Mentions L\u00e9gales<\/h1>\t\t\t\t<\/div>\n\t\t\t\t\t<\/div>\n\t\t\t\t<\/div>\n\t\t<div class=\"elementor-element elementor-element-29d4bbf3 e-flex e-con-boxed e-con e-parent\" data-id=\"29d4bbf3\" data-element_type=\"container\">\n\t\t\t\t\t<div class=\"e-con-inner\">\n\t\t<div class=\"elementor-element elementor-element-1f9d0c57 e-con-full e-flex e-con e-child\" data-id=\"1f9d0c57\" data-element_type=\"container\" data-settings=\"{&quot;background_background&quot;:&quot;classic&quot;}\">\n\t\t\t\t<div class=\"elementor-element elementor-element-1cd39a elementor-widget elementor-widget-heading\" data-id=\"1cd39a\" data-element_type=\"widget\" data-widget_type=\"heading.default\">\n\t\t\t\t\t<h2 class=\"elementor-heading-title elementor-size-default\"><b>Mentions L\u00e9gales<\/b><\/h2>\t\t\t\t<\/div>\n\t\t\t\t<div class=\"elementor-element elementor-element-5ff8c5ec elementor-widget elementor-widget-heading\" data-id=\"5ff8c5ec\" data-element_type=\"widget\" data-widget_type=\"heading.default\">\n\t\t\t\t\t<p class=\"elementor-heading-title elementor-size-default\">Planet Snorkeling Expeditions (www.planet-snorkeling.com) est \u00e9dit\u00e9 par:<b>\nPlanet Snorkeling Inc., Florida Corporation<\/b><br><br><u>Si\u00e8ge :<br><\/u>535 N Pompeo Av,\nCrystal River, FL 34429\nUSA<br><br>Num\u00e9ro d'enregistrement: P20000042966<br>\nPlanet Snorkeling Inc. est enregistr\u00e9e aupr\u00e8s de l'\u00c9tat de Floride en tant que <b>Seller of Travel Registration No. ST43030<\/b>.\n<br><br>\nLe site web www.planet-snorkeling.com est h\u00e9berg\u00e9 par:<br>\nLiquid Web Inc.\n2703 Ena Drive\nLansing, MI 48917\nUSA<\/p>\t\t\t\t<\/div>\n\t\t\t\t<\/div>\n\t\t<div class=\"elementor-element elementor-element-4c6dca07 e-con-full e-flex e-con e-child\" data-id=\"4c6dca07\" data-element_type=\"container\" data-settings=\"{&quot;background_background&quot;:&quot;classic&quot;}\">\n\t\t<div class=\"elementor-element elementor-element-50cd5ac4 e-flex e-con-boxed e-con e-child\" data-id=\"50cd5ac4\" data-element_type=\"container\">\n\t\t\t\t\t<div class=\"e-con-inner\">\n\t\t\t\t\t<\/div>\n\t\t\t\t<\/div>\n\t\t\t\t<\/div>\n\t\t\t\t\t<\/div>\n\t\t\t\t<\/div>\n\t\t<div class=\"elementor-element elementor-element-781ad837 e-flex e-con-boxed e-con e-parent\" data-id=\"781ad837\" data-element_type=\"container\" data-settings=\"{&quot;background_background&quot;:&quot;classic&quot;}\">\n\t\t\t\t\t<div class=\"e-con-inner\">\n\t\t\t\t<div class=\"elementor-element elementor-element-b1e50ea elementor-invisible elementor-widget elementor-widget-heading\" data-id=\"b1e50ea\" data-element_type=\"widget\" data-settings=\"{&quot;_animation&quot;:&quot;fadeInUp&quot;}\" data-widget_type=\"heading.default\">\n\t\t\t\t\t<h3 class=\"elementor-heading-title elementor-size-default\">Votre prochaine aventure commence ici!\u200b<\/h3>\t\t\t\t<\/div>\n\t\t\t\t<div class=\"elementor-element elementor-element-6b592663 elementor-invisible elementor-widget elementor-widget-heading\" data-id=\"6b592663\" data-element_type=\"widget\" data-settings=\"{&quot;_animation&quot;:&quot;fadeInUp&quot;}\" data-widget_type=\"heading.default\">\n\t\t\t\t\t<p class=\"elementor-heading-title elementor-size-default\">Participez \u00e0 nos exp\u00e9ditions guid\u00e9es dans les plus belles destinations snorkeling du monde.\n<\/p>\t\t\t\t<\/div>\n\t\t\t\t<div class=\"elementor-element elementor-element-501ba16e elementor-mobile-align-justify elementor-widget-mobile__width-inherit elementor-widget elementor-widget-button\" data-id=\"501ba16e\" data-element_type=\"widget\" data-widget_type=\"button.default\">\n\t\t\t\t\t\t\t\t\t\t<a class=\"elementor-button elementor-button-link elementor-size-sm\" href=\"\/fr\/aventures-snorkeling-en-petit-groupe\/\">\n\t\t\t\t\t\t<span class=\"elementor-button-content-wrapper\">\n\t\t\t\t\t\t\t\t\t<span class=\"elementor-button-text\">Voir Tous Les Voyages<\/span>\n\t\t\t\t\t<\/span>\n\t\t\t\t\t<\/a>\n\t\t\t\t\t\t\t\t<\/div>\n\t\t\t\t\t<\/div>\n\t\t\t\t<\/div>\n\t\t\t\t<\/div>\n\t\t","protected":false},"excerpt":{"rendered":"<p>Mentions L\u00e9gales Mentions L\u00e9gales Planet Snorkeling Expeditions (www.planet-snorkeling.com) est \u00e9dit\u00e9 par: Planet Snorkeling Inc., Florida Corporation Si\u00e8ge :535 N Pompeo Av, Crystal River, FL 34429 USA Num\u00e9ro d&rsquo;enregistrement: P20000042966 Planet Snorkeling Inc. est enregistr\u00e9e aupr\u00e8s de l&rsquo;\u00c9tat de Floride en tant que Seller of Travel Registration No. ST43030. Le site web www.planet-snorkeling.com est h\u00e9berg\u00e9 par: [&hellip;]<\/p>\n<div class=\"read-more\"><a href=\"https:\/\/planet-snorkeling.com\/fr\/mentions-legales\/\" class=\"read-more-link\">Read More&#8230;<\/a><\/div>\n","protected":false},"author":2,"featured_media":0,"parent":0,"menu_order":0,"comment_status":"closed","ping_status":"closed","template":"elementor_header_footer","meta":{"footnotes":""},"class_list":["post-8273","page","type-page","status-publish","hentry","latest_post travelscape-pro-post"],"yoast_head":"<!-- This site is optimized with the Yoast SEO plugin v26.9 - https:\/\/yoast.com\/product\/yoast-seo-wordpress\/ -->\n<title>Mentions L\u00e9gales - Planet Snorkeling Expeditions<\/title>\n<meta name=\"robots\" content=\"index, follow, max-snippet:-1, max-image-preview:large, max-video-preview:-1\" \/>\n<link rel=\"canonical\" href=\"https:\/\/planet-snorkeling.com\/fr\/mentions-legales\/\" \/>\n<meta property=\"og:locale\" content=\"fr_FR\" \/>\n<meta property=\"og:type\" content=\"article\" \/>\n<meta property=\"og:title\" content=\"Mentions L\u00e9gales - Planet Snorkeling Expeditions\" \/>\n<meta property=\"og:description\" content=\"Mentions L\u00e9gales Mentions L\u00e9gales Planet Snorkeling Expeditions (www.planet-snorkeling.com) est \u00e9dit\u00e9 par: Planet Snorkeling Inc., Florida Corporation Si\u00e8ge :535 N Pompeo Av, Crystal River, FL 34429 USA Num\u00e9ro d&rsquo;enregistrement: P20000042966 Planet Snorkeling Inc. est enregistr\u00e9e aupr\u00e8s de l&rsquo;\u00c9tat de Floride en tant que Seller of Travel Registration No. ST43030. Le site web www.planet-snorkeling.com est h\u00e9berg\u00e9 par: [&hellip;]Read More...\" \/>\n<meta property=\"og:url\" content=\"https:\/\/planet-snorkeling.com\/fr\/mentions-legales\/\" \/>\n<meta property=\"og:site_name\" content=\"Planet Snorkeling Expeditions\" \/>\n<meta property=\"article:publisher\" content=\"https:\/\/www.facebook.com\/planetsnorkelingexpeditions\" \/>\n<meta property=\"article:modified_time\" content=\"2026-02-28T11:50:45+00:00\" \/>\n<meta name=\"twitter:card\" content=\"summary_large_image\" \/>\n<meta name=\"twitter:label1\" content=\"Dur\u00e9e de lecture estim\u00e9e\" \/>\n\t<meta name=\"twitter:data1\" content=\"1 minute\" \/>\n<script type=\"application\/ld+json\" class=\"yoast-schema-graph\">{\"@context\":\"https:\/\/schema.org\",\"@graph\":[{\"@type\":\"WebPage\",\"@id\":\"https:\/\/planet-snorkeling.com\/fr\/mentions-legales\/\",\"url\":\"https:\/\/planet-snorkeling.com\/fr\/mentions-legales\/\",\"name\":\"Mentions L\u00e9gales - Planet Snorkeling Expeditions\",\"isPartOf\":{\"@id\":\"https:\/\/planet-snorkeling.com\/fr\/#website\"},\"datePublished\":\"2025-12-02T09:32:57+00:00\",\"dateModified\":\"2026-02-28T11:50:45+00:00\",\"breadcrumb\":{\"@id\":\"https:\/\/planet-snorkeling.com\/fr\/mentions-legales\/#breadcrumb\"},\"inLanguage\":\"fr-FR\",\"potentialAction\":[{\"@type\":\"ReadAction\",\"target\":[\"https:\/\/planet-snorkeling.com\/fr\/mentions-legales\/\"]}]},{\"@type\":\"BreadcrumbList\",\"@id\":\"https:\/\/planet-snorkeling.com\/fr\/mentions-legales\/#breadcrumb\",\"itemListElement\":[{\"@type\":\"ListItem\",\"position\":1,\"name\":\"Home\",\"item\":\"https:\/\/planet-snorkeling.com\/fr\/\"},{\"@type\":\"ListItem\",\"position\":2,\"name\":\"Mentions L\u00e9gales\"}]},{\"@type\":\"WebSite\",\"@id\":\"https:\/\/planet-snorkeling.com\/fr\/#website\",\"url\":\"https:\/\/planet-snorkeling.com\/fr\/\",\"name\":\"Planet Snorkeling Expeditions\",\"description\":\"\",\"publisher\":{\"@id\":\"https:\/\/planet-snorkeling.com\/fr\/#organization\"},\"potentialAction\":[{\"@type\":\"SearchAction\",\"target\":{\"@type\":\"EntryPoint\",\"urlTemplate\":\"https:\/\/planet-snorkeling.com\/fr\/?s={search_term_string}\"},\"query-input\":{\"@type\":\"PropertyValueSpecification\",\"valueRequired\":true,\"valueName\":\"search_term_string\"}}],\"inLanguage\":\"fr-FR\"},{\"@type\":\"Organization\",\"@id\":\"https:\/\/planet-snorkeling.com\/fr\/#organization\",\"name\":\"Planet Snorkeling Expeditions\",\"url\":\"https:\/\/planet-snorkeling.com\/fr\/\",\"logo\":{\"@type\":\"ImageObject\",\"inLanguage\":\"fr-FR\",\"@id\":\"https:\/\/planet-snorkeling.com\/fr\/#\/schema\/logo\/image\/\",\"url\":\"https:\/\/planet-snorkeling.com\/wp-content\/uploads\/2025\/11\/logo-color.png\",\"contentUrl\":\"https:\/\/planet-snorkeling.com\/wp-content\/uploads\/2025\/11\/logo-color.png\",\"width\":620,\"height\":188,\"caption\":\"Planet Snorkeling Expeditions\"},\"image\":{\"@id\":\"https:\/\/planet-snorkeling.com\/fr\/#\/schema\/logo\/image\/\"},\"sameAs\":[\"https:\/\/www.facebook.com\/planetsnorkelingexpeditions\"]}]}<\/script>\n<!-- \/ Yoast SEO plugin. -->","yoast_head_json":{"title":"Mentions L\u00e9gales - Planet Snorkeling Expeditions","robots":{"index":"index","follow":"follow","max-snippet":"max-snippet:-1","max-image-preview":"max-image-preview:large","max-video-preview":"max-video-preview:-1"},"canonical":"https:\/\/planet-snorkeling.com\/fr\/mentions-legales\/","og_locale":"fr_FR","og_type":"article","og_title":"Mentions L\u00e9gales - Planet Snorkeling Expeditions","og_description":"Mentions L\u00e9gales Mentions L\u00e9gales Planet Snorkeling Expeditions (www.planet-snorkeling.com) est \u00e9dit\u00e9 par: Planet Snorkeling Inc., Florida Corporation Si\u00e8ge :535 N Pompeo Av, Crystal River, FL 34429 USA Num\u00e9ro d&rsquo;enregistrement: P20000042966 Planet Snorkeling Inc. est enregistr\u00e9e aupr\u00e8s de l&rsquo;\u00c9tat de Floride en tant que Seller of Travel Registration No. ST43030. Le site web www.planet-snorkeling.com est h\u00e9berg\u00e9 par: [&hellip;]Read More...","og_url":"https:\/\/planet-snorkeling.com\/fr\/mentions-legales\/","og_site_name":"Planet Snorkeling Expeditions","article_publisher":"https:\/\/www.facebook.com\/planetsnorkelingexpeditions","article_modified_time":"2026-02-28T11:50:45+00:00","twitter_card":"summary_large_image","twitter_misc":{"Dur\u00e9e de lecture estim\u00e9e":"1 minute"},"schema":{"@context":"https:\/\/schema.org","@graph":[{"@type":"WebPage","@id":"https:\/\/planet-snorkeling.com\/fr\/mentions-legales\/","url":"https:\/\/planet-snorkeling.com\/fr\/mentions-legales\/","name":"Mentions L\u00e9gales - Planet Snorkeling Expeditions","isPartOf":{"@id":"https:\/\/planet-snorkeling.com\/fr\/#website"},"datePublished":"2025-12-02T09:32:57+00:00","dateModified":"2026-02-28T11:50:45+00:00","breadcrumb":{"@id":"https:\/\/planet-snorkeling.com\/fr\/mentions-legales\/#breadcrumb"},"inLanguage":"fr-FR","potentialAction":[{"@type":"ReadAction","target":["https:\/\/planet-snorkeling.com\/fr\/mentions-legales\/"]}]},{"@type":"BreadcrumbList","@id":"https:\/\/planet-snorkeling.com\/fr\/mentions-legales\/#breadcrumb","itemListElement":[{"@type":"ListItem","position":1,"name":"Home","item":"https:\/\/planet-snorkeling.com\/fr\/"},{"@type":"ListItem","position":2,"name":"Mentions L\u00e9gales"}]},{"@type":"WebSite","@id":"https:\/\/planet-snorkeling.com\/fr\/#website","url":"https:\/\/planet-snorkeling.com\/fr\/","name":"Planet Snorkeling Expeditions","description":"","publisher":{"@id":"https:\/\/planet-snorkeling.com\/fr\/#organization"},"potentialAction":[{"@type":"SearchAction","target":{"@type":"EntryPoint","urlTemplate":"https:\/\/planet-snorkeling.com\/fr\/?s={search_term_string}"},"query-input":{"@type":"PropertyValueSpecification","valueRequired":true,"valueName":"search_term_string"}}],"inLanguage":"fr-FR"},{"@type":"Organization","@id":"https:\/\/planet-snorkeling.com\/fr\/#organization","name":"Planet Snorkeling Expeditions","url":"https:\/\/planet-snorkeling.com\/fr\/","logo":{"@type":"ImageObject","inLanguage":"fr-FR","@id":"https:\/\/planet-snorkeling.com\/fr\/#\/schema\/logo\/image\/","url":"https:\/\/planet-snorkeling.com\/wp-content\/uploads\/2025\/11\/logo-color.png","contentUrl":"https:\/\/planet-snorkeling.com\/wp-content\/uploads\/2025\/11\/logo-color.png","width":620,"height":188,"caption":"Planet Snorkeling Expeditions"},"image":{"@id":"https:\/\/planet-snorkeling.com\/fr\/#\/schema\/logo\/image\/"},"sameAs":["https:\/\/www.facebook.com\/planetsnorkelingexpeditions"]}]}},"_links":{"self":[{"href":"https:\/\/planet-snorkeling.com\/fr\/wp-json\/wp\/v2\/pages\/8273","targetHints":{"allow":["GET"]}}],"collection":[{"href":"https:\/\/planet-snorkeling.com\/fr\/wp-json\/wp\/v2\/pages"}],"about":[{"href":"https:\/\/planet-snorkeling.com\/fr\/wp-json\/wp\/v2\/types\/page"}],"author":[{"embeddable":true,"href":"https:\/\/planet-snorkeling.com\/fr\/wp-json\/wp\/v2\/users\/2"}],"replies":[{"embeddable":true,"href":"https:\/\/planet-snorkeling.com\/fr\/wp-json\/wp\/v2\/comments?post=8273"}],"version-history":[{"count":11,"href":"https:\/\/planet-snorkeling.com\/fr\/wp-json\/wp\/v2\/pages\/8273\/revisions"}],"predecessor-version":[{"id":9438,"href":"https:\/\/planet-snorkeling.com\/fr\/wp-json\/wp\/v2\/pages\/8273\/revisions\/9438"}],"wp:attachment":[{"href":"https:\/\/planet-snorkeling.com\/fr\/wp-json\/wp\/v2\/media?parent=8273"}],"curies":[{"name":"wp","href":"https:\/\/api.w.org\/{rel}","templated":true}]}}