{"id":8281,"date":"2025-12-02T09:48:17","date_gmt":"2025-12-02T09:48:17","guid":{"rendered":"https:\/\/new.snorkeling-report.com\/?page_id=8281"},"modified":"2026-02-28T11:50:53","modified_gmt":"2026-02-28T11:50:53","slug":"merch","status":"publish","type":"page","link":"https:\/\/planet-snorkeling.com\/fr\/merch\/","title":{"rendered":"Merch"},"content":{"rendered":"\t\t<div data-elementor-type=\"wp-page\" data-elementor-id=\"8281\" class=\"elementor elementor-8281 elementor-5943\">\n\t\t\t\t<div class=\"elementor-element elementor-element-52be75fb e-flex e-con-boxed e-con e-parent\" data-id=\"52be75fb\" data-element_type=\"container\" data-settings=\"{&quot;background_background&quot;:&quot;classic&quot;}\">\n\t\t\t\t\t<div class=\"e-con-inner\">\n\t\t\t\t<div class=\"elementor-element elementor-element-ce56d11 elementor-widget elementor-widget-heading\" data-id=\"ce56d11\" data-element_type=\"widget\" data-widget_type=\"heading.default\">\n\t\t\t\t\t<h1 class=\"elementor-heading-title elementor-size-default\">Articles Planet Snorkeling<\/h1>\t\t\t\t<\/div>\n\t\t\t\t\t<\/div>\n\t\t\t\t<\/div>\n\t\t<div class=\"elementor-element elementor-element-ba930a2 e-flex e-con-boxed e-con e-parent\" data-id=\"ba930a2\" data-element_type=\"container\">\n\t\t\t\t\t<div class=\"e-con-inner\">\n\t\t\t\t<div class=\"elementor-element elementor-element-6efe10f elementor-widget elementor-widget-heading\" data-id=\"6efe10f\" data-element_type=\"widget\" data-widget_type=\"heading.default\">\n\t\t\t\t\t<h1 class=\"elementor-heading-title elementor-size-default\">Sublimez votre aventure snorkeling avec nos articles exclusifs!<\/h1>\t\t\t\t<\/div>\n\t\t\t\t\t<\/div>\n\t\t\t\t<\/div>\n\t\t<div class=\"elementor-element elementor-element-ad8f53e e-flex e-con-boxed e-con e-parent\" data-id=\"ad8f53e\" data-element_type=\"container\">\n\t\t\t\t\t<div class=\"e-con-inner\">\n\t\t\t\t<div class=\"elementor-element elementor-element-825a5f0 elementor-widget elementor-widget-text-editor\" data-id=\"825a5f0\" data-element_type=\"widget\" data-widget_type=\"text-editor.default\">\n\t\t\t\t\t\t\t\t\t<div class=\"pointer-events-none h-px w-px absolute bottom-0\" aria-hidden=\"true\" data-edge=\"true\">Nous proposons des rashguards et des buffs de haute qualit\u00e9, offrant confort et protection solaire pendant votre voyage. Lors de la r\u00e9servation de votre voyage snorkeling en ligne, vous aurez la possibilit\u00e9 d\u2019ajouter des articles \u00e0 votre commande dans la section \u00ab Add-On \u00bb avant le paiement. Vous pouvez \u00e9galement passer commande par email si vous pr\u00e9f\u00e9rez. Votre tour leader vous remettra les articles au d\u00e9but du voyage.<\/div><div class=\"pointer-events-none h-px w-px absolute bottom-0\" aria-hidden=\"true\" data-edge=\"true\">\u00a0<\/div>\t\t\t\t\t\t\t\t<\/div>\n\t\t\t\t\t<\/div>\n\t\t\t\t<\/div>\n\t\t<div class=\"elementor-element elementor-element-3eae0f2 e-flex e-con-boxed e-con e-parent\" data-id=\"3eae0f2\" data-element_type=\"container\" data-settings=\"{&quot;background_background&quot;:&quot;classic&quot;}\">\n\t\t\t\t\t<div class=\"e-con-inner\">\n\t\t<div class=\"elementor-element elementor-element-934cae3 e-con-full e-flex e-con e-child\" data-id=\"934cae3\" data-element_type=\"container\">\n\t\t\t\t<div class=\"elementor-element elementor-element-87ea972 elementor-widget elementor-widget-image\" data-id=\"87ea972\" data-element_type=\"widget\" data-widget_type=\"image.default\">\n\t\t\t\t\t\t\t\t\t\t\t\t\t\t\t<img fetchpriority=\"high\" decoding=\"async\" width=\"600\" height=\"600\" src=\"https:\/\/planet-snorkeling.com\/wp-content\/uploads\/2025\/12\/planet-snorkeling-rashguard.jpeg\" class=\"attachment-large size-large wp-image-6830\" alt=\"Planet Snorkeling Rashguard\" srcset=\"https:\/\/planet-snorkeling.com\/wp-content\/uploads\/2025\/12\/planet-snorkeling-rashguard.jpeg 600w, https:\/\/planet-snorkeling.com\/wp-content\/uploads\/2025\/12\/planet-snorkeling-rashguard-300x300.jpeg 300w, https:\/\/planet-snorkeling.com\/wp-content\/uploads\/2025\/12\/planet-snorkeling-rashguard-150x150.jpeg 150w, https:\/\/planet-snorkeling.com\/wp-content\/uploads\/2025\/12\/planet-snorkeling-rashguard-355x355.jpeg 355w, https:\/\/planet-snorkeling.com\/wp-content\/uploads\/2025\/12\/planet-snorkeling-rashguard-370x370.jpeg 370w, https:\/\/planet-snorkeling.com\/wp-content\/uploads\/2025\/12\/planet-snorkeling-rashguard-170x170.jpeg 170w\" sizes=\"(max-width: 600px) 100vw, 600px\" \/>\t\t\t\t\t\t\t\t\t\t\t\t\t\t\t<\/div>\n\t\t\t\t<\/div>\n\t\t<div class=\"elementor-element elementor-element-cab75ac e-con-full e-flex e-con e-child\" data-id=\"cab75ac\" data-element_type=\"container\">\n\t\t\t\t<div class=\"elementor-element elementor-element-cd3638d elementor-widget elementor-widget-heading\" data-id=\"cd3638d\" data-element_type=\"widget\" data-widget_type=\"heading.default\">\n\t\t\t\t\t<h2 class=\"elementor-heading-title elementor-size-default\">Rashguard Planet Snorkeling Expeditions<\/h2>\t\t\t\t<\/div>\n\t\t\t\t<div class=\"elementor-element elementor-element-79df4f1 elementor-widget elementor-widget-text-editor\" data-id=\"79df4f1\" data-element_type=\"widget\" data-widget_type=\"text-editor.default\">\n\t\t\t\t\t\t\t\t\t<p data-pm-slice=\"1 1 []\"><b>Rashguard \u00e0 manches longues Oceantec USA\u00ae. Tissu 2FLEX, UPF+.<\/b><\/p><p>Couleurs: Noir. Unisexe, disponible en S, M, L, XL, et 2XL.<\/p><p data-start=\"53\" data-end=\"190\">Offre une protection certifi\u00e9e contre les rayons UV du soleil. Peut \u00eatre port\u00e9 dans l&rsquo;eau ou \u00e0 bord du bateau.<\/p><p>Design exclusif Planet Snorkeling Expeditions.<\/p><p>Fabriqu\u00e9 aux Etats-Unis.<\/p>\t\t\t\t\t\t\t\t<\/div>\n\t\t\t\t<div class=\"elementor-element elementor-element-1ef0447 elementor-widget elementor-widget-heading\" data-id=\"1ef0447\" data-element_type=\"widget\" data-widget_type=\"heading.default\">\n\t\t\t\t\t<h1 class=\"elementor-heading-title elementor-size-default\">49$<\/h1>\t\t\t\t<\/div>\n\t\t\t\t<\/div>\n\t\t\t\t\t<\/div>\n\t\t\t\t<\/div>\n\t\t<div class=\"elementor-element elementor-element-0ca7d93 e-flex e-con-boxed e-con e-parent\" data-id=\"0ca7d93\" data-element_type=\"container\">\n\t\t\t\t\t<div class=\"e-con-inner\">\n\t\t<div class=\"elementor-element elementor-element-1ffba10 e-con-full e-flex e-con e-child\" data-id=\"1ffba10\" data-element_type=\"container\">\n\t\t\t\t<div class=\"elementor-element elementor-element-d01ff17 elementor-widget elementor-widget-image\" data-id=\"d01ff17\" data-element_type=\"widget\" data-widget_type=\"image.default\">\n\t\t\t\t\t\t\t\t\t\t\t\t\t\t\t<img decoding=\"async\" width=\"600\" height=\"600\" src=\"https:\/\/planet-snorkeling.com\/wp-content\/uploads\/2025\/12\/planet-snorkeling-buff.jpeg\" class=\"attachment-large size-large wp-image-6828\" alt=\"Planet Snorkeling Buff\" srcset=\"https:\/\/planet-snorkeling.com\/wp-content\/uploads\/2025\/12\/planet-snorkeling-buff.jpeg 600w, https:\/\/planet-snorkeling.com\/wp-content\/uploads\/2025\/12\/planet-snorkeling-buff-300x300.jpeg 300w, https:\/\/planet-snorkeling.com\/wp-content\/uploads\/2025\/12\/planet-snorkeling-buff-150x150.jpeg 150w, https:\/\/planet-snorkeling.com\/wp-content\/uploads\/2025\/12\/planet-snorkeling-buff-355x355.jpeg 355w, https:\/\/planet-snorkeling.com\/wp-content\/uploads\/2025\/12\/planet-snorkeling-buff-370x370.jpeg 370w, https:\/\/planet-snorkeling.com\/wp-content\/uploads\/2025\/12\/planet-snorkeling-buff-170x170.jpeg 170w\" sizes=\"(max-width: 600px) 100vw, 600px\" \/>\t\t\t\t\t\t\t\t\t\t\t\t\t\t\t<\/div>\n\t\t\t\t<\/div>\n\t\t<div class=\"elementor-element elementor-element-e7ecb6f e-con-full e-flex e-con e-child\" data-id=\"e7ecb6f\" data-element_type=\"container\">\n\t\t\t\t<div class=\"elementor-element elementor-element-527b966 elementor-widget elementor-widget-heading\" data-id=\"527b966\" data-element_type=\"widget\" data-widget_type=\"heading.default\">\n\t\t\t\t\t<h2 class=\"elementor-heading-title elementor-size-default\">Buff\u00ae Planet Snorkeling Expedition<\/h2>\t\t\t\t<\/div>\n\t\t\t\t<div class=\"elementor-element elementor-element-cbac52f elementor-widget elementor-widget-text-editor\" data-id=\"cbac52f\" data-element_type=\"widget\" data-widget_type=\"text-editor.default\">\n\t\t\t\t\t\t\t\t\t<p data-pm-slice=\"1 1 []\"><b>Tour de cou Buff\u00ae CoolNet UV\u00ae. UPF 50.<\/b><\/p><p data-pm-slice=\"1 1 []\">Couleur: Bleu. Unisexe, taille unique.<\/p><p data-start=\"264\" data-end=\"438\">Protection UV certifi\u00e9e contre les rayons du soleil. Se porte de multiples fa\u00e7ons en snorkeling ou sur un bateau pour maximiser la protection solaire.<\/p><p>Design exclusif Planet Snorkeling Expeditions.<\/p><p>Fabriqu\u00e9 en Espagne.<\/p>\t\t\t\t\t\t\t\t<\/div>\n\t\t\t\t<div class=\"elementor-element elementor-element-96bed74 elementor-widget elementor-widget-heading\" data-id=\"96bed74\" data-element_type=\"widget\" data-widget_type=\"heading.default\">\n\t\t\t\t\t<h1 class=\"elementor-heading-title elementor-size-default\">24$<\/h1>\t\t\t\t<\/div>\n\t\t\t\t<\/div>\n\t\t\t\t\t<\/div>\n\t\t\t\t<\/div>\n\t\t<div class=\"elementor-element elementor-element-2f65b6b8 e-flex e-con-boxed e-con e-parent\" data-id=\"2f65b6b8\" data-element_type=\"container\" data-settings=\"{&quot;background_background&quot;:&quot;classic&quot;}\">\n\t\t\t\t\t<div class=\"e-con-inner\">\n\t\t\t\t<div class=\"elementor-element elementor-element-5b444354 elementor-invisible elementor-widget elementor-widget-heading\" data-id=\"5b444354\" data-element_type=\"widget\" data-settings=\"{&quot;_animation&quot;:&quot;fadeInUp&quot;}\" data-widget_type=\"heading.default\">\n\t\t\t\t\t<h3 class=\"elementor-heading-title elementor-size-default\">Votre prochaine aventure commence ici!\u200b<\/h3>\t\t\t\t<\/div>\n\t\t\t\t<div class=\"elementor-element elementor-element-1f471d36 elementor-invisible elementor-widget elementor-widget-heading\" data-id=\"1f471d36\" data-element_type=\"widget\" data-settings=\"{&quot;_animation&quot;:&quot;fadeInUp&quot;}\" data-widget_type=\"heading.default\">\n\t\t\t\t\t<p class=\"elementor-heading-title elementor-size-default\">Participez \u00e0 nos exp\u00e9ditions guid\u00e9es dans les plus belles destinations snorkeling du monde.\n<\/p>\t\t\t\t<\/div>\n\t\t\t\t<div class=\"elementor-element elementor-element-46e5472d elementor-mobile-align-justify elementor-widget-mobile__width-inherit elementor-widget elementor-widget-button\" data-id=\"46e5472d\" data-element_type=\"widget\" data-widget_type=\"button.default\">\n\t\t\t\t\t\t\t\t\t\t<a class=\"elementor-button elementor-button-link elementor-size-sm\" href=\"\/fr\/aventures-snorkeling-en-petit-groupe\/\">\n\t\t\t\t\t\t<span class=\"elementor-button-content-wrapper\">\n\t\t\t\t\t\t\t\t\t<span class=\"elementor-button-text\">Voir Tous Les Voyages<\/span>\n\t\t\t\t\t<\/span>\n\t\t\t\t\t<\/a>\n\t\t\t\t\t\t\t\t<\/div>\n\t\t\t\t\t<\/div>\n\t\t\t\t<\/div>\n\t\t\t\t<\/div>\n\t\t","protected":false},"excerpt":{"rendered":"<p>Articles Planet Snorkeling Sublimez votre aventure snorkeling avec nos articles exclusifs! Nous proposons des rashguards et des buffs de haute qualit\u00e9, offrant confort et protection solaire pendant votre voyage. Lors de la r\u00e9servation de votre voyage snorkeling en ligne, vous aurez la possibilit\u00e9 d\u2019ajouter des articles \u00e0 votre commande dans la section \u00ab Add-On \u00bb [&hellip;]<\/p>\n<div class=\"read-more\"><a href=\"https:\/\/planet-snorkeling.com\/fr\/merch\/\" class=\"read-more-link\">Read More&#8230;<\/a><\/div>\n","protected":false},"author":2,"featured_media":0,"parent":0,"menu_order":0,"comment_status":"closed","ping_status":"closed","template":"elementor_header_footer","meta":{"footnotes":""},"class_list":["post-8281","page","type-page","status-publish","hentry","latest_post travelscape-pro-post"],"yoast_head":"<!-- This site is optimized with the Yoast SEO plugin v26.9 - https:\/\/yoast.com\/product\/yoast-seo-wordpress\/ -->\n<title>Merch - Planet Snorkeling Expeditions<\/title>\n<meta name=\"robots\" content=\"index, follow, max-snippet:-1, max-image-preview:large, max-video-preview:-1\" \/>\n<link rel=\"canonical\" href=\"https:\/\/planet-snorkeling.com\/fr\/merch\/\" \/>\n<meta property=\"og:locale\" content=\"fr_FR\" \/>\n<meta property=\"og:type\" content=\"article\" \/>\n<meta property=\"og:title\" content=\"Merch - Planet Snorkeling Expeditions\" \/>\n<meta property=\"og:description\" content=\"Articles Planet Snorkeling Sublimez votre aventure snorkeling avec nos articles exclusifs! Nous proposons des rashguards et des buffs de haute qualit\u00e9, offrant confort et protection solaire pendant votre voyage. Lors de la r\u00e9servation de votre voyage snorkeling en ligne, vous aurez la possibilit\u00e9 d\u2019ajouter des articles \u00e0 votre commande dans la section \u00ab Add-On \u00bb [&hellip;]Read More...\" \/>\n<meta property=\"og:url\" content=\"https:\/\/planet-snorkeling.com\/fr\/merch\/\" \/>\n<meta property=\"og:site_name\" content=\"Planet Snorkeling Expeditions\" \/>\n<meta property=\"article:publisher\" content=\"https:\/\/www.facebook.com\/planetsnorkelingexpeditions\" \/>\n<meta property=\"article:modified_time\" content=\"2026-02-28T11:50:53+00:00\" \/>\n<meta property=\"og:image\" content=\"https:\/\/planet-snorkeling.com\/wp-content\/uploads\/2025\/12\/planet-snorkeling-rashguard.jpeg\" \/>\n\t<meta property=\"og:image:width\" content=\"600\" \/>\n\t<meta property=\"og:image:height\" content=\"600\" \/>\n\t<meta property=\"og:image:type\" content=\"image\/jpeg\" \/>\n<meta name=\"twitter:card\" content=\"summary_large_image\" \/>\n<meta name=\"twitter:label1\" content=\"Dur\u00e9e de lecture estim\u00e9e\" \/>\n\t<meta name=\"twitter:data1\" content=\"2 minutes\" \/>\n<script type=\"application\/ld+json\" class=\"yoast-schema-graph\">{\"@context\":\"https:\/\/schema.org\",\"@graph\":[{\"@type\":\"WebPage\",\"@id\":\"https:\/\/planet-snorkeling.com\/fr\/merch\/\",\"url\":\"https:\/\/planet-snorkeling.com\/fr\/merch\/\",\"name\":\"Merch - Planet Snorkeling Expeditions\",\"isPartOf\":{\"@id\":\"https:\/\/planet-snorkeling.com\/fr\/#website\"},\"primaryImageOfPage\":{\"@id\":\"https:\/\/planet-snorkeling.com\/fr\/merch\/#primaryimage\"},\"image\":{\"@id\":\"https:\/\/planet-snorkeling.com\/fr\/merch\/#primaryimage\"},\"thumbnailUrl\":\"https:\/\/planet-snorkeling.com\/wp-content\/uploads\/2025\/12\/planet-snorkeling-rashguard.jpeg\",\"datePublished\":\"2025-12-02T09:48:17+00:00\",\"dateModified\":\"2026-02-28T11:50:53+00:00\",\"breadcrumb\":{\"@id\":\"https:\/\/planet-snorkeling.com\/fr\/merch\/#breadcrumb\"},\"inLanguage\":\"fr-FR\",\"potentialAction\":[{\"@type\":\"ReadAction\",\"target\":[\"https:\/\/planet-snorkeling.com\/fr\/merch\/\"]}]},{\"@type\":\"ImageObject\",\"inLanguage\":\"fr-FR\",\"@id\":\"https:\/\/planet-snorkeling.com\/fr\/merch\/#primaryimage\",\"url\":\"https:\/\/planet-snorkeling.com\/wp-content\/uploads\/2025\/12\/planet-snorkeling-rashguard.jpeg\",\"contentUrl\":\"https:\/\/planet-snorkeling.com\/wp-content\/uploads\/2025\/12\/planet-snorkeling-rashguard.jpeg\"},{\"@type\":\"BreadcrumbList\",\"@id\":\"https:\/\/planet-snorkeling.com\/fr\/merch\/#breadcrumb\",\"itemListElement\":[{\"@type\":\"ListItem\",\"position\":1,\"name\":\"Home\",\"item\":\"https:\/\/planet-snorkeling.com\/fr\/\"},{\"@type\":\"ListItem\",\"position\":2,\"name\":\"Merch\"}]},{\"@type\":\"WebSite\",\"@id\":\"https:\/\/planet-snorkeling.com\/fr\/#website\",\"url\":\"https:\/\/planet-snorkeling.com\/fr\/\",\"name\":\"Planet Snorkeling Expeditions\",\"description\":\"\",\"publisher\":{\"@id\":\"https:\/\/planet-snorkeling.com\/fr\/#organization\"},\"potentialAction\":[{\"@type\":\"SearchAction\",\"target\":{\"@type\":\"EntryPoint\",\"urlTemplate\":\"https:\/\/planet-snorkeling.com\/fr\/?s={search_term_string}\"},\"query-input\":{\"@type\":\"PropertyValueSpecification\",\"valueRequired\":true,\"valueName\":\"search_term_string\"}}],\"inLanguage\":\"fr-FR\"},{\"@type\":\"Organization\",\"@id\":\"https:\/\/planet-snorkeling.com\/fr\/#organization\",\"name\":\"Planet Snorkeling Expeditions\",\"url\":\"https:\/\/planet-snorkeling.com\/fr\/\",\"logo\":{\"@type\":\"ImageObject\",\"inLanguage\":\"fr-FR\",\"@id\":\"https:\/\/planet-snorkeling.com\/fr\/#\/schema\/logo\/image\/\",\"url\":\"https:\/\/planet-snorkeling.com\/wp-content\/uploads\/2025\/11\/logo-color.png\",\"contentUrl\":\"https:\/\/planet-snorkeling.com\/wp-content\/uploads\/2025\/11\/logo-color.png\",\"width\":620,\"height\":188,\"caption\":\"Planet Snorkeling Expeditions\"},\"image\":{\"@id\":\"https:\/\/planet-snorkeling.com\/fr\/#\/schema\/logo\/image\/\"},\"sameAs\":[\"https:\/\/www.facebook.com\/planetsnorkelingexpeditions\"]}]}<\/script>\n<!-- \/ Yoast SEO plugin. -->","yoast_head_json":{"title":"Merch - Planet Snorkeling Expeditions","robots":{"index":"index","follow":"follow","max-snippet":"max-snippet:-1","max-image-preview":"max-image-preview:large","max-video-preview":"max-video-preview:-1"},"canonical":"https:\/\/planet-snorkeling.com\/fr\/merch\/","og_locale":"fr_FR","og_type":"article","og_title":"Merch - Planet Snorkeling Expeditions","og_description":"Articles Planet Snorkeling Sublimez votre aventure snorkeling avec nos articles exclusifs! Nous proposons des rashguards et des buffs de haute qualit\u00e9, offrant confort et protection solaire pendant votre voyage. Lors de la r\u00e9servation de votre voyage snorkeling en ligne, vous aurez la possibilit\u00e9 d\u2019ajouter des articles \u00e0 votre commande dans la section \u00ab Add-On \u00bb [&hellip;]Read More...","og_url":"https:\/\/planet-snorkeling.com\/fr\/merch\/","og_site_name":"Planet Snorkeling Expeditions","article_publisher":"https:\/\/www.facebook.com\/planetsnorkelingexpeditions","article_modified_time":"2026-02-28T11:50:53+00:00","og_image":[{"width":600,"height":600,"url":"https:\/\/planet-snorkeling.com\/wp-content\/uploads\/2025\/12\/planet-snorkeling-rashguard.jpeg","type":"image\/jpeg"}],"twitter_card":"summary_large_image","twitter_misc":{"Dur\u00e9e de lecture estim\u00e9e":"2 minutes"},"schema":{"@context":"https:\/\/schema.org","@graph":[{"@type":"WebPage","@id":"https:\/\/planet-snorkeling.com\/fr\/merch\/","url":"https:\/\/planet-snorkeling.com\/fr\/merch\/","name":"Merch - Planet Snorkeling Expeditions","isPartOf":{"@id":"https:\/\/planet-snorkeling.com\/fr\/#website"},"primaryImageOfPage":{"@id":"https:\/\/planet-snorkeling.com\/fr\/merch\/#primaryimage"},"image":{"@id":"https:\/\/planet-snorkeling.com\/fr\/merch\/#primaryimage"},"thumbnailUrl":"https:\/\/planet-snorkeling.com\/wp-content\/uploads\/2025\/12\/planet-snorkeling-rashguard.jpeg","datePublished":"2025-12-02T09:48:17+00:00","dateModified":"2026-02-28T11:50:53+00:00","breadcrumb":{"@id":"https:\/\/planet-snorkeling.com\/fr\/merch\/#breadcrumb"},"inLanguage":"fr-FR","potentialAction":[{"@type":"ReadAction","target":["https:\/\/planet-snorkeling.com\/fr\/merch\/"]}]},{"@type":"ImageObject","inLanguage":"fr-FR","@id":"https:\/\/planet-snorkeling.com\/fr\/merch\/#primaryimage","url":"https:\/\/planet-snorkeling.com\/wp-content\/uploads\/2025\/12\/planet-snorkeling-rashguard.jpeg","contentUrl":"https:\/\/planet-snorkeling.com\/wp-content\/uploads\/2025\/12\/planet-snorkeling-rashguard.jpeg"},{"@type":"BreadcrumbList","@id":"https:\/\/planet-snorkeling.com\/fr\/merch\/#breadcrumb","itemListElement":[{"@type":"ListItem","position":1,"name":"Home","item":"https:\/\/planet-snorkeling.com\/fr\/"},{"@type":"ListItem","position":2,"name":"Merch"}]},{"@type":"WebSite","@id":"https:\/\/planet-snorkeling.com\/fr\/#website","url":"https:\/\/planet-snorkeling.com\/fr\/","name":"Planet Snorkeling Expeditions","description":"","publisher":{"@id":"https:\/\/planet-snorkeling.com\/fr\/#organization"},"potentialAction":[{"@type":"SearchAction","target":{"@type":"EntryPoint","urlTemplate":"https:\/\/planet-snorkeling.com\/fr\/?s={search_term_string}"},"query-input":{"@type":"PropertyValueSpecification","valueRequired":true,"valueName":"search_term_string"}}],"inLanguage":"fr-FR"},{"@type":"Organization","@id":"https:\/\/planet-snorkeling.com\/fr\/#organization","name":"Planet Snorkeling Expeditions","url":"https:\/\/planet-snorkeling.com\/fr\/","logo":{"@type":"ImageObject","inLanguage":"fr-FR","@id":"https:\/\/planet-snorkeling.com\/fr\/#\/schema\/logo\/image\/","url":"https:\/\/planet-snorkeling.com\/wp-content\/uploads\/2025\/11\/logo-color.png","contentUrl":"https:\/\/planet-snorkeling.com\/wp-content\/uploads\/2025\/11\/logo-color.png","width":620,"height":188,"caption":"Planet Snorkeling Expeditions"},"image":{"@id":"https:\/\/planet-snorkeling.com\/fr\/#\/schema\/logo\/image\/"},"sameAs":["https:\/\/www.facebook.com\/planetsnorkelingexpeditions"]}]}},"_links":{"self":[{"href":"https:\/\/planet-snorkeling.com\/fr\/wp-json\/wp\/v2\/pages\/8281","targetHints":{"allow":["GET"]}}],"collection":[{"href":"https:\/\/planet-snorkeling.com\/fr\/wp-json\/wp\/v2\/pages"}],"about":[{"href":"https:\/\/planet-snorkeling.com\/fr\/wp-json\/wp\/v2\/types\/page"}],"author":[{"embeddable":true,"href":"https:\/\/planet-snorkeling.com\/fr\/wp-json\/wp\/v2\/users\/2"}],"replies":[{"embeddable":true,"href":"https:\/\/planet-snorkeling.com\/fr\/wp-json\/wp\/v2\/comments?post=8281"}],"version-history":[{"count":19,"href":"https:\/\/planet-snorkeling.com\/fr\/wp-json\/wp\/v2\/pages\/8281\/revisions"}],"predecessor-version":[{"id":9441,"href":"https:\/\/planet-snorkeling.com\/fr\/wp-json\/wp\/v2\/pages\/8281\/revisions\/9441"}],"wp:attachment":[{"href":"https:\/\/planet-snorkeling.com\/fr\/wp-json\/wp\/v2\/media?parent=8281"}],"curies":[{"name":"wp","href":"https:\/\/api.w.org\/{rel}","templated":true}]}}