{"id":8287,"date":"2023-11-24T09:33:02","date_gmt":"2023-11-24T09:33:02","guid":{"rendered":"https:\/\/new.snorkeling-report.com\/?page_id=8287"},"modified":"2026-02-28T15:12:41","modified_gmt":"2026-02-28T15:12:41","slug":"politique-confidentialite","status":"publish","type":"page","link":"https:\/\/planet-snorkeling.com\/fr\/politique-confidentialite\/","title":{"rendered":"Politique de Confidentialit\u00e9"},"content":{"rendered":"\t\t<div data-elementor-type=\"wp-page\" data-elementor-id=\"8287\" class=\"elementor elementor-8287 elementor-5853\">\n\t\t\t\t<div class=\"elementor-element elementor-element-ab91728 e-flex e-con-boxed e-con e-parent\" data-id=\"ab91728\" data-element_type=\"container\" data-settings=\"{&quot;background_background&quot;:&quot;classic&quot;}\">\n\t\t\t\t\t<div class=\"e-con-inner\">\n\t\t\t\t<div class=\"elementor-element elementor-element-264c5201 elementor-widget elementor-widget-heading\" data-id=\"264c5201\" data-element_type=\"widget\" data-widget_type=\"heading.default\">\n\t\t\t\t\t<h1 class=\"elementor-heading-title elementor-size-default\">Politique de Confidentialit\u00e9<\/h1>\t\t\t\t<\/div>\n\t\t\t\t\t<\/div>\n\t\t\t\t<\/div>\n\t\t<div class=\"elementor-element elementor-element-5cddf742 e-flex e-con-boxed e-con e-parent\" data-id=\"5cddf742\" data-element_type=\"container\">\n\t\t\t\t\t<div class=\"e-con-inner\">\n\t\t<div class=\"elementor-element elementor-element-28e8b23 e-con-full e-flex e-con e-child\" data-id=\"28e8b23\" data-element_type=\"container\">\n\t\t\t\t<\/div>\n\t\t\t\t<div class=\"elementor-element elementor-element-5e795ed elementor-widget elementor-widget-text-editor\" data-id=\"5e795ed\" data-element_type=\"widget\" data-widget_type=\"text-editor.default\">\n\t\t\t\t\t\t\t\t\t<h1>Politique de Confidentialit\u00e9<\/h1><p class=\"p3\"><span class=\"s1\">Votre vie priv\u00e9e est importante pour nous. Notre politique de confidentialit\u00e9 couvre ce que nous recueillons et comment nous utilisons, divulguons, transf\u00e9rons et stockons vos informations.\u00a0<\/span><\/p><h4><span class=\"s1\"><b>1. Donn\u00e9es collect\u00e9es<\/b><\/span><\/h4><p class=\"p6\"><span class=\"s1\">Lorsque vous nous envoyez une demande d&rsquo;information via le formulaire, vous devez nous communiquer les informations obligatoires suivantes: nom, pr\u00e9nom, adresse email et pays de r\u00e9sidence.\u00a0<\/span><\/p><p class=\"p6\"><span class=\"s1\">Lorsque vous nous envoyez un courrier \u00e9lectronique, les donn\u00e9es ne sont pas conserv\u00e9es sur le site. Le client de messagerie du p\u00e9riph\u00e9rique destinataire est prot\u00e9g\u00e9 par le cryptage du mot de passe.<\/span><\/p><p class=\"p6\"><span class=\"s1\">Lorsque vous naviguez sur le site et\/ou acc\u00e9dez \u00e0 nos services, nous enregistrons \u00e9galement des donn\u00e9es d\u2019utilisation. Nous effectuons notamment des mesures d\u2019audience, avec lesquelles nous mesurons le nombre de pages vues, le nombre de visites du site, les r\u00e9gions de provenance des visites, ainsi que l\u2019activit\u00e9 des visiteurs sur le site et leur fr\u00e9quence de retour sur le site. Nous utilisons vos identifiants de connexion et des cookies ainsi que votre adresse IP pour vous identifier et pour enregistrer votre activit\u00e9 sur le site. Nous sommes \u00e9galement susceptibles de collecter des donn\u00e9es techniques sur votre connexion internet, votre navigateur et vos appareils. Ces donn\u00e9es ont une dur\u00e9e de conservation de 12 mois.<\/span><\/p><h4 class=\"p8\"><span class=\"s1\"><b>2. Utilisation des donn\u00e9es<\/b><\/span><\/h4><p class=\"p6\"><span class=\"s1\">Nous pourrions utiliser vos donn\u00e9es pour diff\u00e9rentes actions comme:<\/span><\/p><ul><li class=\"p6\"><span class=\"s1\">vous envoyer une newsletter ou des informations sp\u00e9cifiques;<\/span><\/li><li class=\"p6\">vous envoyer des propositions commerciales et\/ou promotionnelles concernant les activit\u00e9s propos\u00e9es par Planet Snorkeling;<\/li><li class=\"p6\">faire des statistiques et analyses marketing, afin de comprendre comment vous utilisez nos services.<\/li><\/ul><h4 class=\"p4\"><span class=\"s1\"><b>3. Cookies<\/b><\/span><\/h4><p class=\"p6\"><span class=\"s1\">Planet Snorkeling est susceptible d\u2019installer des cookies sur votre navigateur lorsque vous visitez le site www.planet-snorkeling.com.<\/span><\/p><p class=\"p6\"><span class=\"s1\">Les cookies sont des donn\u00e9es qui sont envoy\u00e9es depuis le serveur web vers votre navigateur, o\u00f9 elles sont stock\u00e9es pour une r\u00e9cup\u00e9ration ult\u00e9rieure. La collecte de cookies peut \u00eatre d\u00e9sactiv\u00e9e dans les pr\u00e9f\u00e9rences de votre navigateur. Celui-ci peut \u00e9galement \u00eatre configur\u00e9 de telle mani\u00e8re \u00e0 vous informer de l\u2019enregistrement d\u2019un cookie. Ainsi le stockage du cookie se produit uniquement au cas o\u00f9 vous l\u2019acceptez express\u00e9ment. Votre navigateur permet \u00e0 Planet Snorkeling d\u2019acc\u00e9der uniquement aux cookies install\u00e9s par www.planet-snorkeling.com, et non \u00e0 ceux install\u00e9s par d\u2019autres sites.<\/span><\/p><p class=\"p6\"><span class=\"s1\">Ces cookies ont pour but de personnaliser la navigation et l\u2019utilisation du service par l\u2019utilisateur.<\/span><\/p><p class=\"p6\"><span class=\"s1\">Les cookies nous permettent:<\/span><\/p><ul><li class=\"p6\"><span class=\"s1\">d\u2019adapter la pr\u00e9sentation du site aux pr\u00e9f\u00e9rences d\u2019affichage de votre navigateur (langue utilis\u00e9e, r\u00e9solution d\u2019affichage, syst\u00e8me d\u2019exploitation utilis\u00e9, etc.);<\/span><\/li><li class=\"p6\"><span class=\"s2\">d\u2019analyser l\u2019utilisation de notre site et d\u2019am\u00e9liorer notre parcours utilisateur en \u00e9tablissant des statistiques et volumes de fr\u00e9quentation et d\u2019utilisation (rubriques et contenus visit\u00e9s, parcours, etc.);<\/span><\/li><li class=\"p6\"><span class=\"s2\">de cr\u00e9er des profils d\u2019utilisateurs et de vous faire b\u00e9n\u00e9ficier de contenus publicitaires cibl\u00e9s pertinents pour vous et vos centres d\u2019int\u00e9r\u00eats, sur notre site comme sur des sites tiers;<\/span><\/li><li class=\"p6\">de savoir si un utilisateur ayant vu une publicit\u00e9 a par la suite visit\u00e9 le site de l\u2019annonceur et y a r\u00e9alis\u00e9 une action.<\/li><\/ul><h4 class=\"p4\"><span class=\"s1\"><b>4. Destinataire des donn\u00e9es<\/b><\/span><\/h4><p class=\"p11\">Lorsque vous nous envoyez une demande d\u2019information via le formulaire, ou que vous communiquez des informations suppl\u00e9mentaires au cours des \u00e9changes avec notre \u00e9quipe, Planet Snorkeling est le seul destinataire de vos donn\u00e9es \u00e0 caract\u00e8re personnel.<\/p><h4 class=\"p4\"><span class=\"s1\"><b>5. D\u00e9l\u00e9gu\u00e9 \u00e0 la protection des donn\u00e9es<\/b><\/span><\/h4><p class=\"p15\"><span class=\"s1\">Snorkeling Report a d\u00e9sign\u00e9 un d\u00e9l\u00e9gu\u00e9 \u00e0 la protection des donn\u00e9es. Il est joignable par email : contact@snorkeling-report.com\u00a0<\/span><\/p><h4 class=\"p4\"><span class=\"s1\"><b>6. Droits d\u2019opposition, d\u2019interrogation, d\u2019acc\u00e8s et de rectification<\/b><\/span><\/h4><p class=\"p6\"><span class=\"s1\"><em>Pour les utilisateurs de l\u2019Union europ\u00e9enne uniquement:<\/em> Conform\u00e9ment au R\u00e8glement G\u00e9n\u00e9ral de Protection des Donn\u00e9es n\u00b02016\/679, vous disposez du droit de demander l\u2019acc\u00e8s \u00e0 vos donn\u00e9es personnelles, la rectification ou l\u2019effacement de celles-ci, la limitation des traitements effectu\u00e9s, de vous opposer au traitement et \u00e0 la portabilit\u00e9 de vos donn\u00e9es. Ce droit peut \u00eatre exerc\u00e9 par email : contact@snorkeling-report.com.<\/span><\/p><p class=\"p17\"><span class=\"s1\">Vous avez \u00e9galement la possibilit\u00e9 d\u2019introduire une r\u00e9clamation aupr\u00e8s de l\u2019autorit\u00e9 de protection des donn\u00e9es (APD) de votre pays de r\u00e9sidence.<\/span><\/p>\t\t\t\t\t\t\t\t<\/div>\n\t\t\t\t\t<\/div>\n\t\t\t\t<\/div>\n\t\t<div class=\"elementor-element elementor-element-33377854 e-flex e-con-boxed e-con e-parent\" data-id=\"33377854\" data-element_type=\"container\" data-settings=\"{&quot;background_background&quot;:&quot;classic&quot;}\">\n\t\t\t\t\t<div class=\"e-con-inner\">\n\t\t\t\t<div class=\"elementor-element elementor-element-76517818 elementor-invisible elementor-widget elementor-widget-heading\" data-id=\"76517818\" data-element_type=\"widget\" data-settings=\"{&quot;_animation&quot;:&quot;fadeInUp&quot;}\" data-widget_type=\"heading.default\">\n\t\t\t\t\t<h3 class=\"elementor-heading-title elementor-size-default\">Votre prochaine aventure commence ici!\u200b<\/h3>\t\t\t\t<\/div>\n\t\t\t\t<div class=\"elementor-element elementor-element-6a6f9669 elementor-invisible elementor-widget elementor-widget-heading\" data-id=\"6a6f9669\" data-element_type=\"widget\" data-settings=\"{&quot;_animation&quot;:&quot;fadeInUp&quot;}\" data-widget_type=\"heading.default\">\n\t\t\t\t\t<p class=\"elementor-heading-title elementor-size-default\">Participez \u00e0 nos exp\u00e9ditions guid\u00e9es dans les plus belles destinations snorkeling du monde.\n\n<\/p>\t\t\t\t<\/div>\n\t\t\t\t<div class=\"elementor-element elementor-element-5a8fd7a4 elementor-mobile-align-justify elementor-widget-mobile__width-inherit elementor-widget elementor-widget-button\" data-id=\"5a8fd7a4\" data-element_type=\"widget\" data-widget_type=\"button.default\">\n\t\t\t\t\t\t\t\t\t\t<a class=\"elementor-button elementor-button-link elementor-size-sm\" href=\"\/fr\/aventures-snorkeling-en-petit-groupe\/\">\n\t\t\t\t\t\t<span class=\"elementor-button-content-wrapper\">\n\t\t\t\t\t\t\t\t\t<span class=\"elementor-button-text\">Voir Tous Les Voyages<\/span>\n\t\t\t\t\t<\/span>\n\t\t\t\t\t<\/a>\n\t\t\t\t\t\t\t\t<\/div>\n\t\t\t\t\t<\/div>\n\t\t\t\t<\/div>\n\t\t\t\t<\/div>\n\t\t","protected":false},"excerpt":{"rendered":"<p>Politique de Confidentialit\u00e9 Politique de Confidentialit\u00e9 Votre vie priv\u00e9e est importante pour nous. Notre politique de confidentialit\u00e9 couvre ce que nous recueillons et comment nous utilisons, divulguons, transf\u00e9rons et stockons vos informations.\u00a0 1. Donn\u00e9es collect\u00e9es Lorsque vous nous envoyez une demande d&rsquo;information via le formulaire, vous devez nous communiquer les informations obligatoires suivantes: nom, pr\u00e9nom, [&hellip;]<\/p>\n<div class=\"read-more\"><a href=\"https:\/\/planet-snorkeling.com\/fr\/politique-confidentialite\/\" class=\"read-more-link\">Read More&#8230;<\/a><\/div>\n","protected":false},"author":2,"featured_media":0,"parent":0,"menu_order":0,"comment_status":"closed","ping_status":"closed","template":"elementor_header_footer","meta":{"footnotes":""},"class_list":["post-8287","page","type-page","status-publish","hentry","latest_post travelscape-pro-post"],"yoast_head":"<!-- This site is optimized with the Yoast SEO plugin v26.9 - https:\/\/yoast.com\/product\/yoast-seo-wordpress\/ -->\n<title>Politique de Confidentialit\u00e9 - Planet Snorkeling Expeditions<\/title>\n<meta name=\"robots\" content=\"index, follow, max-snippet:-1, max-image-preview:large, max-video-preview:-1\" \/>\n<link rel=\"canonical\" href=\"https:\/\/planet-snorkeling.com\/fr\/politique-confidentialite\/\" \/>\n<meta property=\"og:locale\" content=\"fr_FR\" \/>\n<meta property=\"og:type\" content=\"article\" \/>\n<meta property=\"og:title\" content=\"Politique de Confidentialit\u00e9 - Planet Snorkeling Expeditions\" \/>\n<meta property=\"og:description\" content=\"Politique de Confidentialit\u00e9 Politique de Confidentialit\u00e9 Votre vie priv\u00e9e est importante pour nous. Notre politique de confidentialit\u00e9 couvre ce que nous recueillons et comment nous utilisons, divulguons, transf\u00e9rons et stockons vos informations.\u00a0 1. Donn\u00e9es collect\u00e9es Lorsque vous nous envoyez une demande d&rsquo;information via le formulaire, vous devez nous communiquer les informations obligatoires suivantes: nom, pr\u00e9nom, [&hellip;]Read More...\" \/>\n<meta property=\"og:url\" content=\"https:\/\/planet-snorkeling.com\/fr\/politique-confidentialite\/\" \/>\n<meta property=\"og:site_name\" content=\"Planet Snorkeling Expeditions\" \/>\n<meta property=\"article:publisher\" content=\"https:\/\/www.facebook.com\/planetsnorkelingexpeditions\" \/>\n<meta property=\"article:modified_time\" content=\"2026-02-28T15:12:41+00:00\" \/>\n<meta name=\"twitter:card\" content=\"summary_large_image\" \/>\n<meta name=\"twitter:label1\" content=\"Dur\u00e9e de lecture estim\u00e9e\" \/>\n\t<meta name=\"twitter:data1\" content=\"4 minutes\" \/>\n<script type=\"application\/ld+json\" class=\"yoast-schema-graph\">{\"@context\":\"https:\/\/schema.org\",\"@graph\":[{\"@type\":\"WebPage\",\"@id\":\"https:\/\/planet-snorkeling.com\/fr\/politique-confidentialite\/\",\"url\":\"https:\/\/planet-snorkeling.com\/fr\/politique-confidentialite\/\",\"name\":\"Politique de Confidentialit\u00e9 - Planet Snorkeling Expeditions\",\"isPartOf\":{\"@id\":\"https:\/\/planet-snorkeling.com\/fr\/#website\"},\"datePublished\":\"2023-11-24T09:33:02+00:00\",\"dateModified\":\"2026-02-28T15:12:41+00:00\",\"breadcrumb\":{\"@id\":\"https:\/\/planet-snorkeling.com\/fr\/politique-confidentialite\/#breadcrumb\"},\"inLanguage\":\"fr-FR\",\"potentialAction\":[{\"@type\":\"ReadAction\",\"target\":[\"https:\/\/planet-snorkeling.com\/fr\/politique-confidentialite\/\"]}]},{\"@type\":\"BreadcrumbList\",\"@id\":\"https:\/\/planet-snorkeling.com\/fr\/politique-confidentialite\/#breadcrumb\",\"itemListElement\":[{\"@type\":\"ListItem\",\"position\":1,\"name\":\"Home\",\"item\":\"https:\/\/planet-snorkeling.com\/fr\/\"},{\"@type\":\"ListItem\",\"position\":2,\"name\":\"Politique de Confidentialit\u00e9\"}]},{\"@type\":\"WebSite\",\"@id\":\"https:\/\/planet-snorkeling.com\/fr\/#website\",\"url\":\"https:\/\/planet-snorkeling.com\/fr\/\",\"name\":\"Planet Snorkeling Expeditions\",\"description\":\"\",\"publisher\":{\"@id\":\"https:\/\/planet-snorkeling.com\/fr\/#organization\"},\"potentialAction\":[{\"@type\":\"SearchAction\",\"target\":{\"@type\":\"EntryPoint\",\"urlTemplate\":\"https:\/\/planet-snorkeling.com\/fr\/?s={search_term_string}\"},\"query-input\":{\"@type\":\"PropertyValueSpecification\",\"valueRequired\":true,\"valueName\":\"search_term_string\"}}],\"inLanguage\":\"fr-FR\"},{\"@type\":\"Organization\",\"@id\":\"https:\/\/planet-snorkeling.com\/fr\/#organization\",\"name\":\"Planet Snorkeling Expeditions\",\"url\":\"https:\/\/planet-snorkeling.com\/fr\/\",\"logo\":{\"@type\":\"ImageObject\",\"inLanguage\":\"fr-FR\",\"@id\":\"https:\/\/planet-snorkeling.com\/fr\/#\/schema\/logo\/image\/\",\"url\":\"https:\/\/planet-snorkeling.com\/wp-content\/uploads\/2025\/11\/logo-color.png\",\"contentUrl\":\"https:\/\/planet-snorkeling.com\/wp-content\/uploads\/2025\/11\/logo-color.png\",\"width\":620,\"height\":188,\"caption\":\"Planet Snorkeling Expeditions\"},\"image\":{\"@id\":\"https:\/\/planet-snorkeling.com\/fr\/#\/schema\/logo\/image\/\"},\"sameAs\":[\"https:\/\/www.facebook.com\/planetsnorkelingexpeditions\"]}]}<\/script>\n<!-- \/ Yoast SEO plugin. -->","yoast_head_json":{"title":"Politique de Confidentialit\u00e9 - Planet Snorkeling Expeditions","robots":{"index":"index","follow":"follow","max-snippet":"max-snippet:-1","max-image-preview":"max-image-preview:large","max-video-preview":"max-video-preview:-1"},"canonical":"https:\/\/planet-snorkeling.com\/fr\/politique-confidentialite\/","og_locale":"fr_FR","og_type":"article","og_title":"Politique de Confidentialit\u00e9 - Planet Snorkeling Expeditions","og_description":"Politique de Confidentialit\u00e9 Politique de Confidentialit\u00e9 Votre vie priv\u00e9e est importante pour nous. Notre politique de confidentialit\u00e9 couvre ce que nous recueillons et comment nous utilisons, divulguons, transf\u00e9rons et stockons vos informations.\u00a0 1. Donn\u00e9es collect\u00e9es Lorsque vous nous envoyez une demande d&rsquo;information via le formulaire, vous devez nous communiquer les informations obligatoires suivantes: nom, pr\u00e9nom, [&hellip;]Read More...","og_url":"https:\/\/planet-snorkeling.com\/fr\/politique-confidentialite\/","og_site_name":"Planet Snorkeling Expeditions","article_publisher":"https:\/\/www.facebook.com\/planetsnorkelingexpeditions","article_modified_time":"2026-02-28T15:12:41+00:00","twitter_card":"summary_large_image","twitter_misc":{"Dur\u00e9e de lecture estim\u00e9e":"4 minutes"},"schema":{"@context":"https:\/\/schema.org","@graph":[{"@type":"WebPage","@id":"https:\/\/planet-snorkeling.com\/fr\/politique-confidentialite\/","url":"https:\/\/planet-snorkeling.com\/fr\/politique-confidentialite\/","name":"Politique de Confidentialit\u00e9 - Planet Snorkeling Expeditions","isPartOf":{"@id":"https:\/\/planet-snorkeling.com\/fr\/#website"},"datePublished":"2023-11-24T09:33:02+00:00","dateModified":"2026-02-28T15:12:41+00:00","breadcrumb":{"@id":"https:\/\/planet-snorkeling.com\/fr\/politique-confidentialite\/#breadcrumb"},"inLanguage":"fr-FR","potentialAction":[{"@type":"ReadAction","target":["https:\/\/planet-snorkeling.com\/fr\/politique-confidentialite\/"]}]},{"@type":"BreadcrumbList","@id":"https:\/\/planet-snorkeling.com\/fr\/politique-confidentialite\/#breadcrumb","itemListElement":[{"@type":"ListItem","position":1,"name":"Home","item":"https:\/\/planet-snorkeling.com\/fr\/"},{"@type":"ListItem","position":2,"name":"Politique de Confidentialit\u00e9"}]},{"@type":"WebSite","@id":"https:\/\/planet-snorkeling.com\/fr\/#website","url":"https:\/\/planet-snorkeling.com\/fr\/","name":"Planet Snorkeling Expeditions","description":"","publisher":{"@id":"https:\/\/planet-snorkeling.com\/fr\/#organization"},"potentialAction":[{"@type":"SearchAction","target":{"@type":"EntryPoint","urlTemplate":"https:\/\/planet-snorkeling.com\/fr\/?s={search_term_string}"},"query-input":{"@type":"PropertyValueSpecification","valueRequired":true,"valueName":"search_term_string"}}],"inLanguage":"fr-FR"},{"@type":"Organization","@id":"https:\/\/planet-snorkeling.com\/fr\/#organization","name":"Planet Snorkeling Expeditions","url":"https:\/\/planet-snorkeling.com\/fr\/","logo":{"@type":"ImageObject","inLanguage":"fr-FR","@id":"https:\/\/planet-snorkeling.com\/fr\/#\/schema\/logo\/image\/","url":"https:\/\/planet-snorkeling.com\/wp-content\/uploads\/2025\/11\/logo-color.png","contentUrl":"https:\/\/planet-snorkeling.com\/wp-content\/uploads\/2025\/11\/logo-color.png","width":620,"height":188,"caption":"Planet Snorkeling Expeditions"},"image":{"@id":"https:\/\/planet-snorkeling.com\/fr\/#\/schema\/logo\/image\/"},"sameAs":["https:\/\/www.facebook.com\/planetsnorkelingexpeditions"]}]}},"_links":{"self":[{"href":"https:\/\/planet-snorkeling.com\/fr\/wp-json\/wp\/v2\/pages\/8287","targetHints":{"allow":["GET"]}}],"collection":[{"href":"https:\/\/planet-snorkeling.com\/fr\/wp-json\/wp\/v2\/pages"}],"about":[{"href":"https:\/\/planet-snorkeling.com\/fr\/wp-json\/wp\/v2\/types\/page"}],"author":[{"embeddable":true,"href":"https:\/\/planet-snorkeling.com\/fr\/wp-json\/wp\/v2\/users\/2"}],"replies":[{"embeddable":true,"href":"https:\/\/planet-snorkeling.com\/fr\/wp-json\/wp\/v2\/comments?post=8287"}],"version-history":[{"count":12,"href":"https:\/\/planet-snorkeling.com\/fr\/wp-json\/wp\/v2\/pages\/8287\/revisions"}],"predecessor-version":[{"id":9460,"href":"https:\/\/planet-snorkeling.com\/fr\/wp-json\/wp\/v2\/pages\/8287\/revisions\/9460"}],"wp:attachment":[{"href":"https:\/\/planet-snorkeling.com\/fr\/wp-json\/wp\/v2\/media?parent=8287"}],"curies":[{"name":"wp","href":"https:\/\/api.w.org\/{rel}","templated":true}]}}